{"id":6666,"date":"2026-02-07T16:10:06","date_gmt":"2026-02-07T15:10:06","guid":{"rendered":"https:\/\/dentalpracticewerth.com\/?page_id=6666"},"modified":"2026-02-07T16:10:06","modified_gmt":"2026-02-07T15:10:06","slug":"politica-de-cookies-dental-practice-werth","status":"publish","type":"page","link":"https:\/\/dentalpracticewerth.com\/es\/politica-de-cookies-dental-practice-werth\/","title":{"rendered":"Pol\u00edtica de Cookies &#8211; Dental Practice Werth"},"content":{"rendered":"<h1 class=\"cookie-policy-h1\"><span dir=\"auto\" style=\"vertical-align: inherit;\"><span dir=\"auto\" style=\"vertical-align: inherit;\">Pol\u00edtica de cookies<\/span><\/span><\/h1>\n<div class=\"cookie-policy-date-container\">\n<p><span dir=\"auto\" style=\"vertical-align: inherit;\"><span dir=\"auto\" style=\"vertical-align: inherit;\">Fecha de entrada en vigor: 07 de febrero de 2026<\/span><\/span><\/p>\n<p><span dir=\"auto\" style=\"vertical-align: inherit;\"><span dir=\"auto\" style=\"vertical-align: inherit;\">\u00daltima actualizaci\u00f3n: 7 de febrero de 2026<\/span><\/span><\/p>\n<\/div>\n<p>&nbsp;<\/p>\n<h2><span dir=\"auto\" style=\"vertical-align: inherit;\"><span dir=\"auto\" style=\"vertical-align: inherit;\">\u00bfQu\u00e9 son las cookies?<\/span><\/span><\/h2>\n<div class=\"cookie-policy-p\">\n<p><span dir=\"auto\" style=\"vertical-align: inherit;\"><span dir=\"auto\" style=\"vertical-align: inherit;\">Esta pol\u00edtica de cookies explica que se utilizan las cookies, los consejos de cookies que se utilizan (p. ej., la informaci\u00f3n que recopilamos al usar las cookies y c\u00f3mo se usa dicha informaci\u00f3n) y c\u00f3mo gestionar su configuraci\u00f3n de cookies.<\/span><\/span><\/p>\n<p><span dir=\"auto\" style=\"vertical-align: inherit;\"><span dir=\"auto\" style=\"vertical-align: inherit;\">Las cookies son peque\u00f1os archivos de texto que se utilizan para almacenar elementos de informaci\u00f3n. Si tiene acceso a su dispositivo, puede cargar un sitio web y navegar hasta \u00e9l. Estas cookies ayudan a garantizar que el sitio web funcione de manera adecuada, refuerzan la seguridad, ofrecen una experiencia de usuario mayor y analizan el rendimiento para identificar lo que funciona correctamente y lo que necesita mejoras.<\/span><\/span><\/p>\n<\/div>\n<p>&nbsp;<\/p>\n<h2><span dir=\"auto\" style=\"vertical-align: inherit;\"><span dir=\"auto\" style=\"vertical-align: inherit;\">\u00bfC\u00f3mo utilizamos las cookies?<\/span><\/span><\/h2>\n<div class=\"cookie-policy-p\">\n<p><span dir=\"auto\" style=\"vertical-align: inherit;\"><span dir=\"auto\" style=\"vertical-align: inherit;\">Como la mayor\u00eda de los servicios en l\u00ednea, nuestro sitio web utiliza cookies de origen y cookies de terceros para varios prop\u00f3sitos. Las cookies originales necesitan ser b\u00e1sicas para que el sitio web funcione correctamente; no recopilan ning\u00fan dato personalmente identificable.<\/span><\/span><\/p>\n<p><span dir=\"auto\" style=\"vertical-align: inherit;\"><span dir=\"auto\" style=\"vertical-align: inherit;\">Las cookies de terceros se encuentran ubicadas en la web y principalmente se escriben de la misma forma que el encuestado; tener un seguimiento sobre c\u00f3mo interact\u00faa usted con \u00e9l; protegen nuestros servicios; ofrecen publicidad de inter\u00e9s; y mejoran su experiencia de usuario en general, a la vez que optimizan la velocidad de sus interacciones posteriores en nuestro sitio web.<\/span><\/span><\/p>\n<\/div>\n<p>&nbsp;<\/p>\n<h2><span dir=\"auto\" style=\"vertical-align: inherit;\"><span dir=\"auto\" style=\"vertical-align: inherit;\">Tipos de cookies que utilizamos<\/span><\/span><\/h2>\n<div class=\"cky-audit-table-element\">\n<div>\n<p class=\"text-xl font-semibold mb-2\"><span dir=\"auto\" style=\"vertical-align: inherit;\"><span dir=\"auto\" style=\"vertical-align: inherit;\">Necesaria<\/span><\/span><\/p>\n<div class=\"cky-category-des\">\n<p><span dir=\"auto\" style=\"vertical-align: inherit;\"><span dir=\"auto\" style=\"vertical-align: inherit;\">Las cookies son esenciales para el funcionamiento b\u00e1sico del sitio web, y este no funciona en su forma anterior. Estas cookies no contienen informaci\u00f3n de identificaci\u00f3n personal.<\/span><\/span><\/p>\n<\/div>\n<div class=\"cky-table-wrapper\">\n<table class=\"cky-cookie-audit-table\">\n<thead>\n<tr>\n<th><span dir=\"auto\" style=\"vertical-align: inherit;\"><span dir=\"auto\" style=\"vertical-align: inherit;\">Galleta<\/span><\/span><\/th>\n<th><span dir=\"auto\" style=\"vertical-align: inherit;\"><span dir=\"auto\" style=\"vertical-align: inherit;\">Duraci\u00f3n<\/span><\/span><\/th>\n<th><span dir=\"auto\" style=\"vertical-align: inherit;\"><span dir=\"auto\" style=\"vertical-align: inherit;\">Descripci\u00f3n<\/span><\/span><\/th>\n<\/tr>\n<\/thead>\n<tbody>\n<tr>\n<td><span dir=\"auto\" style=\"vertical-align: inherit;\"><span dir=\"auto\" style=\"vertical-align: inherit;\">elementor<\/span><\/span><\/td>\n<td><span dir=\"auto\" style=\"vertical-align: inherit;\"><span dir=\"auto\" style=\"vertical-align: inherit;\">Nunca caduca<\/span><\/span><\/td>\n<td><span dir=\"auto\" style=\"vertical-align: inherit;\"><span dir=\"auto\" style=\"vertical-align: inherit;\">El tema de WordPress del sitio web es una cookie. Permite implementar las propiedades del sitio web o cambiar su contenido en tiempo real.<\/span><\/span><\/td>\n<\/tr>\n<tr>\n<td><span dir=\"auto\" style=\"vertical-align: inherit;\"><span dir=\"auto\" style=\"vertical-align: inherit;\">wpEmojiSettingsSupports<\/span><\/span><\/td>\n<td><span dir=\"auto\" style=\"vertical-align: inherit;\"><span dir=\"auto\" style=\"vertical-align: inherit;\">sesi\u00f3n<\/span><\/span><\/td>\n<td><span dir=\"auto\" style=\"vertical-align: inherit;\"><span dir=\"auto\" style=\"vertical-align: inherit;\">WordPress establece esta cookie cuando un usuario interact\u00faa con emojis en un sitio web. Ayuda a determinar si el navegador del usuario puede mostrar emojis correctamente.<\/span><\/span><\/td>\n<\/tr>\n<tr>\n<td><span dir=\"auto\" style=\"vertical-align: inherit;\"><span dir=\"auto\" style=\"vertical-align: inherit;\">consentimiento de cookieyes<\/span><\/span><\/td>\n<td><span dir=\"auto\" style=\"vertical-align: inherit;\"><span dir=\"auto\" style=\"vertical-align: inherit;\">1 a\u00f1o<\/span><\/span><\/td>\n<td><span dir=\"auto\" style=\"vertical-align: inherit;\"><span dir=\"auto\" style=\"vertical-align: inherit;\">CookieYes establece esta cookie para registrar las preferencias de consentimiento de los usuarios, de modo que se respetan sus preferencias en las siguientes visitas a este sitio. No hay informaci\u00f3n disponible para la informaci\u00f3n personal sobre los visitantes del sitio.<\/span><\/span><\/td>\n<\/tr>\n<\/tbody>\n<\/table>\n<\/div>\n<\/div>\n<div>\n<p class=\"text-xl font-semibold mb-2\"><span dir=\"auto\" style=\"vertical-align: inherit;\"><span dir=\"auto\" style=\"vertical-align: inherit;\">Funcional<\/span><\/span><\/p>\n<div class=\"cky-category-des\">\n<p><span dir=\"auto\" style=\"vertical-align: inherit;\"><span dir=\"auto\" style=\"vertical-align: inherit;\">La funci\u00f3n de cookies ayuda a realizar ciertas funcionalidades, como compartir el contenido del sitio web en plataformas de redes sociales, recopilar comentarios y otras caracter\u00edsticas de terceros.<\/span><\/span><\/p>\n<\/div>\n<div class=\"cky-table-wrapper\">\n<table class=\"cky-cookie-audit-table\">\n<thead>\n<tr>\n<th><span dir=\"auto\" style=\"vertical-align: inherit;\"><span dir=\"auto\" style=\"vertical-align: inherit;\">Galleta<\/span><\/span><\/th>\n<th><span dir=\"auto\" style=\"vertical-align: inherit;\"><span dir=\"auto\" style=\"vertical-align: inherit;\">Duraci\u00f3n<\/span><\/span><\/th>\n<th><span dir=\"auto\" style=\"vertical-align: inherit;\"><span dir=\"auto\" style=\"vertical-align: inherit;\">Descripci\u00f3n<\/span><\/span><\/th>\n<\/tr>\n<\/thead>\n<tbody>\n<tr>\n<td><span dir=\"auto\" style=\"vertical-align: inherit;\"><span dir=\"auto\" style=\"vertical-align: inherit;\">wp-wpml_idioma_actual<\/span><\/span><\/td>\n<td><span dir=\"auto\" style=\"vertical-align: inherit;\"><span dir=\"auto\" style=\"vertical-align: inherit;\">sesi\u00f3n<\/span><\/span><\/td>\n<td><span dir=\"auto\" style=\"vertical-align: inherit;\"><span dir=\"auto\" style=\"vertical-align: inherit;\">El complemento multiling\u00fce de WordPress est\u00e1 disponible como una cookie para configurar el idioma actual.<\/span><\/span><\/td>\n<\/tr>\n<\/tbody>\n<\/table>\n<\/div>\n<\/div>\n<div>\n<p class=\"text-xl font-semibold mb-2\"><span dir=\"auto\" style=\"vertical-align: inherit;\"><span dir=\"auto\" style=\"vertical-align: inherit;\">Anal\u00edtica<\/span><\/span><\/p>\n<div class=\"cky-category-des\">\n<p><span dir=\"auto\" style=\"vertical-align: inherit;\"><span dir=\"auto\" style=\"vertical-align: inherit;\">Las cookies anal\u00edticas se utilizan para comprender c\u00f3mo interactuar con los visitantes de la web. Estas cookies ayudan a proporcionar informaci\u00f3n sobre m\u00e9tricas el n\u00famero de visitantes, el porcentaje de rebote, la fuente de tr\u00e1fico, etc.<\/span><\/span><\/p>\n<\/div>\n<div class=\"cky-table-wrapper\">\n<table class=\"cky-cookie-audit-table\">\n<thead>\n<tr>\n<th><span dir=\"auto\" style=\"vertical-align: inherit;\"><span dir=\"auto\" style=\"vertical-align: inherit;\">Galleta<\/span><\/span><\/th>\n<th><span dir=\"auto\" style=\"vertical-align: inherit;\"><span dir=\"auto\" style=\"vertical-align: inherit;\">Duraci\u00f3n<\/span><\/span><\/th>\n<th><span dir=\"auto\" style=\"vertical-align: inherit;\"><span dir=\"auto\" style=\"vertical-align: inherit;\">Descripci\u00f3n<\/span><\/span><\/th>\n<\/tr>\n<\/thead>\n<tbody>\n<tr>\n<td><span dir=\"auto\" style=\"vertical-align: inherit;\"><span dir=\"auto\" style=\"vertical-align: inherit;\">_Georgia_*<\/span><\/span><\/td>\n<td><span dir=\"auto\" style=\"vertical-align: inherit;\"><span dir=\"auto\" style=\"vertical-align: inherit;\">1 a\u00f1o 1 mes 4 d\u00edas<\/span><\/span><\/td>\n<td><span dir=\"auto\" style=\"vertical-align: inherit;\"><span dir=\"auto\" style=\"vertical-align: inherit;\">Google Analytics establece esta cookie para almacenar y contar las visitas a la p\u00e1gina.<\/span><\/span><\/td>\n<\/tr>\n<tr>\n<td><span dir=\"auto\" style=\"vertical-align: inherit;\"><span dir=\"auto\" style=\"vertical-align: inherit;\">_Georgia<\/span><\/span><\/td>\n<td><span dir=\"auto\" style=\"vertical-align: inherit;\"><span dir=\"auto\" style=\"vertical-align: inherit;\">1 a\u00f1o 1 mes 4 d\u00edas<\/span><\/span><\/td>\n<td><span dir=\"auto\" style=\"vertical-align: inherit;\"><span dir=\"auto\" style=\"vertical-align: inherit;\">Google Analytics utiliza esta cookie para calcular los datos de visitantes, sesiones y campamentos, y para monitorizar el uso del sitio web con el fin de obtener informaci\u00f3n sobre el an\u00e1lisis del mismo. La cookie siempre le informa sobre el formulario an\u00f3nimo y le asigna un n\u00famero generado para reconocer a los visitantes \u00fanicos.<\/span><\/span><\/td>\n<\/tr>\n<\/tbody>\n<\/table>\n<\/div>\n<\/div>\n<\/div>\n<p>&nbsp;<\/p>\n<h2><span dir=\"auto\" style=\"vertical-align: inherit;\"><span dir=\"auto\" style=\"vertical-align: inherit;\">Gestionar preferencias de cookies<\/span><\/span><\/h2>\n<p><a class=\"cky-banner-element\"><span dir=\"auto\" style=\"vertical-align: inherit;\"><span dir=\"auto\" style=\"vertical-align: inherit;\">Preferencias de consentimiento<\/span><\/span><\/a><\/p>\n<div>\n<p><span dir=\"auto\" style=\"vertical-align: inherit;\"><span dir=\"auto\" style=\"vertical-align: inherit;\">Puede modificar la configuraci\u00f3n de cookies al hacer clic en el bot\u00f3n \u00abPreferencias de consentimiento\u00bb <\/span><\/span><strong class=\"ng-star-inserted\"><span class=\"ng-star-inserted\"><span dir=\"auto\" style=\"vertical-align: inherit;\"><span dir=\"auto\" style=\"vertical-align: inherit;\">y en el icono flotante de configuraci\u00f3n de privacidad<\/span><\/span><\/span><\/strong><span dir=\"auto\" style=\"vertical-align: inherit;\"><span dir=\"auto\" style=\"vertical-align: inherit;\"> . Esta opci\u00f3n le permite visitar el banner de consentimiento de cookies y actualizar sus preferencias, o puede retirar su consentimiento inmediatamente.<\/span><\/span><\/p>\n<p><span dir=\"auto\" style=\"vertical-align: inherit;\"><span dir=\"auto\" style=\"vertical-align: inherit;\">Asimismo, los diferentes navegadores ofrecen diversos m\u00e9todos para bloquear y eliminar las cookies que utilizan los sitios de la web. Puedes modificar la configuraci\u00f3n de navegaci\u00f3n para bloquear o eliminar las cookies. A continuaci\u00f3n, ver\u00e1 enlaces de documentos de ayuda para saber c\u00f3mo gestionar y eliminar cookies en los principales navegadores web.<\/span><\/span><\/p>\n<p><span dir=\"auto\" style=\"vertical-align: inherit;\"><span dir=\"auto\" style=\"vertical-align: inherit;\">Chrome:\u00a0 <\/span><\/span><a href=\"https:\/\/support.google.com\/accounts\/answer\/32050\" target=\"_blank\" rel=\"noopener noreferrer\"><span dir=\"auto\" style=\"vertical-align: inherit;\"><span dir=\"auto\" style=\"vertical-align: inherit;\">https:\/\/support.google.com\/accounts\/answer\/32050<\/span><\/span><\/a><\/p>\n<p><span dir=\"auto\" style=\"vertical-align: inherit;\"><span dir=\"auto\" style=\"vertical-align: inherit;\">Safari:\u00a0 <\/span><\/span><a href=\"https:\/\/support.apple.com\/en-in\/guide\/safari\/sfri11471\/mac\" target=\"_blank\" rel=\"noopener noreferrer\"><span dir=\"auto\" style=\"vertical-align: inherit;\"><span dir=\"auto\" style=\"vertical-align: inherit;\">https:\/\/support.apple.com\/es-es\/guide\/safari\/sfri11471\/mac<\/span><\/span><\/a><\/p>\n<p><span dir=\"auto\" style=\"vertical-align: inherit;\"><span dir=\"auto\" style=\"vertical-align: inherit;\">Firefox:\u00a0 <\/span><\/span><a href=\"https:\/\/support.mozilla.org\/en-US\/kb\/clear-cookies-and-site-data-firefox?redirectslug=delete-cookies-remove-info-websites-stored&amp;redirectlocale=en-US\" target=\"_blank\" rel=\"noopener noreferrer\"><span dir=\"auto\" style=\"vertical-align: inherit;\"><span dir=\"auto\" style=\"vertical-align: inherit;\">https:\/\/support.mozilla.org\/es-ES\/kb\/borrar-cookies-y-datos-de-sitios-firefox?redirectslug=eliminar-cookies-eliminar-informaci\u00f3n-sitios-web-almacenados&amp;redirectlocale=es-ES<\/span><\/span><\/a><\/p>\n<p><span dir=\"auto\" style=\"vertical-align: inherit;\"><span dir=\"auto\" style=\"vertical-align: inherit;\">Internet Explorer:\u00a0 <\/span><\/span><a href=\"https:\/\/support.microsoft.com\/en-us\/topic\/how-to-delete-cookie-files-in-internet-explorer-bca9446f-d873-78de-77ba-d42645fa52fc\" target=\"_blank\" rel=\"noopener noreferrer\"><span dir=\"auto\" style=\"vertical-align: inherit;\"><span dir=\"auto\" style=\"vertical-align: inherit;\">https:\/\/support.microsoft.com\/es-es\/topic\/como-eliminar-archivos-de-cookies-en-internet-explorer-bca9446f-d873-78de-77ba-d42645fa52fc<\/span><\/span><\/a><\/p>\n<p><span dir=\"auto\" style=\"vertical-align: inherit;\"><span dir=\"auto\" style=\"vertical-align: inherit;\">Si lo utilizas o navegas a la web, consulta la documentaci\u00f3n de ayuda oficial de este.<\/span><\/span><\/p>\n<\/div>\n<p>&nbsp;<\/p>\n<p class=\"cookie-policy-p\"><span dir=\"auto\" style=\"vertical-align: inherit;\"><span dir=\"auto\" style=\"vertical-align: inherit;\">CookieYes ha generado esta pol\u00edtica de\u00a0 <\/span><\/span><a href=\"https:\/\/www.cookieyes.com\/?utm_source=CP&amp;utm_medium=footer&amp;utm_campaign=UW\" target=\"_blank\" rel=\"noopener noreferrer\"><span dir=\"auto\" style=\"vertical-align: inherit;\"><span dir=\"auto\" style=\"vertical-align: inherit;\">cookies &#8211; generador de pol\u00edtica de cookies<\/span><\/span><\/a><\/p>\n","protected":false},"excerpt":{"rendered":"<p>Pol\u00edtica de cookies Fecha de entrada en vigor: 07 de febrero de 2026 \u00daltima actualizaci\u00f3n: 7 de febrero de 2026 &nbsp; \u00bfQu\u00e9 son las cookies? [&hellip;]<\/p>\n","protected":false},"author":5,"featured_media":0,"parent":0,"menu_order":0,"comment_status":"closed","ping_status":"closed","template":"","meta":{"site-sidebar-layout":"default","site-content-layout":"","ast-site-content-layout":"default","site-content-style":"default","site-sidebar-style":"default","ast-global-header-display":"","ast-banner-title-visibility":"","ast-main-header-display":"","ast-hfb-above-header-display":"","ast-hfb-below-header-display":"","ast-hfb-mobile-header-display":"","site-post-title":"","ast-breadcrumbs-content":"","ast-featured-img":"","footer-sml-layout":"","ast-disable-related-posts":"","theme-transparent-header-meta":"default","adv-header-id-meta":"","stick-header-meta":"default","header-above-stick-meta":"","header-main-stick-meta":"","header-below-stick-meta":"","astra-migrate-meta-layouts":"set","ast-page-background-enabled":"default","ast-page-background-meta":{"desktop":{"background-color":"var(--ast-global-color-4)","background-image":"","background-repeat":"repeat","background-position":"center center","background-size":"auto","background-attachment":"scroll","background-type":"","background-media":"","overlay-type":"","overlay-color":"","overlay-opacity":"","overlay-gradient":""},"tablet":{"background-color":"","background-image":"","background-repeat":"repeat","background-position":"center center","background-size":"auto","background-attachment":"scroll","background-type":"","background-media":"","overlay-type":"","overlay-color":"","overlay-opacity":"","overlay-gradient":""},"mobile":{"background-color":"","background-image":"","background-repeat":"repeat","background-position":"center center","background-size":"auto","background-attachment":"scroll","background-type":"","background-media":"","overlay-type":"","overlay-color":"","overlay-opacity":"","overlay-gradient":""}},"ast-content-background-meta":{"desktop":{"background-color":"var(--ast-global-color-5)","background-image":"","background-repeat":"repeat","background-position":"center center","background-size":"auto","background-attachment":"scroll","background-type":"","background-media":"","overlay-type":"","overlay-color":"","overlay-opacity":"","overlay-gradient":""},"tablet":{"background-color":"var(--ast-global-color-5)","background-image":"","background-repeat":"repeat","background-position":"center center","background-size":"auto","background-attachment":"scroll","background-type":"","background-media":"","overlay-type":"","overlay-color":"","overlay-opacity":"","overlay-gradient":""},"mobile":{"background-color":"var(--ast-global-color-5)","background-image":"","background-repeat":"repeat","background-position":"center center","background-size":"auto","background-attachment":"scroll","background-type":"","background-media":"","overlay-type":"","overlay-color":"","overlay-opacity":"","overlay-gradient":""}},"footnotes":""},"class_list":["post-6666","page","type-page","status-publish","hentry"],"yoast_head":"<!-- This site is optimized with the Yoast SEO plugin v27.5 - https:\/\/yoast.com\/product\/yoast-seo-wordpress\/ -->\n<title>Pol\u00edtica de Cookies - Dental Practice Werth - Dental Practice Werth<\/title>\n<meta name=\"robots\" content=\"index, follow, max-snippet:-1, max-image-preview:large, max-video-preview:-1\" \/>\n<link rel=\"canonical\" href=\"https:\/\/dentalpracticewerth.com\/es\/politica-de-cookies-dental-practice-werth\/\" \/>\n<meta property=\"og:locale\" content=\"es_ES\" \/>\n<meta property=\"og:type\" content=\"article\" \/>\n<meta property=\"og:title\" content=\"Pol\u00edtica de Cookies - Dental Practice Werth - Dental Practice Werth\" \/>\n<meta property=\"og:description\" content=\"Pol\u00edtica de cookies Fecha de entrada en vigor: 07 de febrero de 2026 \u00daltima actualizaci\u00f3n: 7 de febrero de 2026 &nbsp; \u00bfQu\u00e9 son las cookies? [&hellip;]\" \/>\n<meta property=\"og:url\" content=\"https:\/\/dentalpracticewerth.com\/es\/politica-de-cookies-dental-practice-werth\/\" \/>\n<meta property=\"og:site_name\" content=\"Dental Practice Werth\" \/>\n<meta name=\"twitter:card\" content=\"summary_large_image\" \/>\n<meta name=\"twitter:label1\" content=\"Tiempo de lectura\" \/>\n\t<meta name=\"twitter:data1\" content=\"4 minutos\" \/>\n<script type=\"application\/ld+json\" class=\"yoast-schema-graph\">{\"@context\":\"https:\\\/\\\/schema.org\",\"@graph\":[{\"@type\":\"WebPage\",\"@id\":\"https:\\\/\\\/dentalpracticewerth.com\\\/es\\\/politica-de-cookies-dental-practice-werth\\\/\",\"url\":\"https:\\\/\\\/dentalpracticewerth.com\\\/es\\\/politica-de-cookies-dental-practice-werth\\\/\",\"name\":\"Pol\u00edtica de Cookies - Dental Practice Werth - Dental Practice Werth\",\"isPartOf\":{\"@id\":\"https:\\\/\\\/dentalpracticewerth.com\\\/#website\"},\"datePublished\":\"2026-02-07T15:10:06+00:00\",\"breadcrumb\":{\"@id\":\"https:\\\/\\\/dentalpracticewerth.com\\\/es\\\/politica-de-cookies-dental-practice-werth\\\/#breadcrumb\"},\"inLanguage\":\"es\",\"potentialAction\":[{\"@type\":\"ReadAction\",\"target\":[\"https:\\\/\\\/dentalpracticewerth.com\\\/es\\\/politica-de-cookies-dental-practice-werth\\\/\"]}]},{\"@type\":\"BreadcrumbList\",\"@id\":\"https:\\\/\\\/dentalpracticewerth.com\\\/es\\\/politica-de-cookies-dental-practice-werth\\\/#breadcrumb\",\"itemListElement\":[{\"@type\":\"ListItem\",\"position\":1,\"name\":\"Home\",\"item\":\"https:\\\/\\\/dentalpracticewerth.com\\\/es\\\/\"},{\"@type\":\"ListItem\",\"position\":2,\"name\":\"Pol\u00edtica de Cookies &#8211; Dental Practice Werth\"}]},{\"@type\":\"WebSite\",\"@id\":\"https:\\\/\\\/dentalpracticewerth.com\\\/#website\",\"url\":\"https:\\\/\\\/dentalpracticewerth.com\\\/\",\"name\":\"Dental Practice Werth\",\"description\":\"Ervaren tandartsenpraktijk met een huiselijke sfeer\",\"publisher\":{\"@id\":\"https:\\\/\\\/dentalpracticewerth.com\\\/#organization\"},\"potentialAction\":[{\"@type\":\"SearchAction\",\"target\":{\"@type\":\"EntryPoint\",\"urlTemplate\":\"https:\\\/\\\/dentalpracticewerth.com\\\/?s={search_term_string}\"},\"query-input\":{\"@type\":\"PropertyValueSpecification\",\"valueRequired\":true,\"valueName\":\"search_term_string\"}}],\"inLanguage\":\"es\"},{\"@type\":\"Organization\",\"@id\":\"https:\\\/\\\/dentalpracticewerth.com\\\/#organization\",\"name\":\"Dental Practice Werth\",\"url\":\"https:\\\/\\\/dentalpracticewerth.com\\\/\",\"logo\":{\"@type\":\"ImageObject\",\"inLanguage\":\"es\",\"@id\":\"https:\\\/\\\/dentalpracticewerth.com\\\/#\\\/schema\\\/logo\\\/image\\\/\",\"url\":\"https:\\\/\\\/dentalpracticewerth.com\\\/wp-content\\\/uploads\\\/2024\\\/05\\\/logo-Werth-1.png\",\"contentUrl\":\"https:\\\/\\\/dentalpracticewerth.com\\\/wp-content\\\/uploads\\\/2024\\\/05\\\/logo-Werth-1.png\",\"width\":292,\"height\":240,\"caption\":\"Dental Practice Werth\"},\"image\":{\"@id\":\"https:\\\/\\\/dentalpracticewerth.com\\\/#\\\/schema\\\/logo\\\/image\\\/\"}}]}<\/script>\n<!-- \/ Yoast SEO plugin. -->","yoast_head_json":{"title":"Pol\u00edtica de Cookies - Dental Practice Werth - Dental Practice Werth","robots":{"index":"index","follow":"follow","max-snippet":"max-snippet:-1","max-image-preview":"max-image-preview:large","max-video-preview":"max-video-preview:-1"},"canonical":"https:\/\/dentalpracticewerth.com\/es\/politica-de-cookies-dental-practice-werth\/","og_locale":"es_ES","og_type":"article","og_title":"Pol\u00edtica de Cookies - Dental Practice Werth - Dental Practice Werth","og_description":"Pol\u00edtica de cookies Fecha de entrada en vigor: 07 de febrero de 2026 \u00daltima actualizaci\u00f3n: 7 de febrero de 2026 &nbsp; \u00bfQu\u00e9 son las cookies? [&hellip;]","og_url":"https:\/\/dentalpracticewerth.com\/es\/politica-de-cookies-dental-practice-werth\/","og_site_name":"Dental Practice Werth","twitter_card":"summary_large_image","twitter_misc":{"Tiempo de lectura":"4 minutos"},"schema":{"@context":"https:\/\/schema.org","@graph":[{"@type":"WebPage","@id":"https:\/\/dentalpracticewerth.com\/es\/politica-de-cookies-dental-practice-werth\/","url":"https:\/\/dentalpracticewerth.com\/es\/politica-de-cookies-dental-practice-werth\/","name":"Pol\u00edtica de Cookies - Dental Practice Werth - Dental Practice Werth","isPartOf":{"@id":"https:\/\/dentalpracticewerth.com\/#website"},"datePublished":"2026-02-07T15:10:06+00:00","breadcrumb":{"@id":"https:\/\/dentalpracticewerth.com\/es\/politica-de-cookies-dental-practice-werth\/#breadcrumb"},"inLanguage":"es","potentialAction":[{"@type":"ReadAction","target":["https:\/\/dentalpracticewerth.com\/es\/politica-de-cookies-dental-practice-werth\/"]}]},{"@type":"BreadcrumbList","@id":"https:\/\/dentalpracticewerth.com\/es\/politica-de-cookies-dental-practice-werth\/#breadcrumb","itemListElement":[{"@type":"ListItem","position":1,"name":"Home","item":"https:\/\/dentalpracticewerth.com\/es\/"},{"@type":"ListItem","position":2,"name":"Pol\u00edtica de Cookies &#8211; Dental Practice Werth"}]},{"@type":"WebSite","@id":"https:\/\/dentalpracticewerth.com\/#website","url":"https:\/\/dentalpracticewerth.com\/","name":"Dental Practice Werth","description":"Ervaren tandartsenpraktijk met een huiselijke sfeer","publisher":{"@id":"https:\/\/dentalpracticewerth.com\/#organization"},"potentialAction":[{"@type":"SearchAction","target":{"@type":"EntryPoint","urlTemplate":"https:\/\/dentalpracticewerth.com\/?s={search_term_string}"},"query-input":{"@type":"PropertyValueSpecification","valueRequired":true,"valueName":"search_term_string"}}],"inLanguage":"es"},{"@type":"Organization","@id":"https:\/\/dentalpracticewerth.com\/#organization","name":"Dental Practice Werth","url":"https:\/\/dentalpracticewerth.com\/","logo":{"@type":"ImageObject","inLanguage":"es","@id":"https:\/\/dentalpracticewerth.com\/#\/schema\/logo\/image\/","url":"https:\/\/dentalpracticewerth.com\/wp-content\/uploads\/2024\/05\/logo-Werth-1.png","contentUrl":"https:\/\/dentalpracticewerth.com\/wp-content\/uploads\/2024\/05\/logo-Werth-1.png","width":292,"height":240,"caption":"Dental Practice Werth"},"image":{"@id":"https:\/\/dentalpracticewerth.com\/#\/schema\/logo\/image\/"}}]}},"_links":{"self":[{"href":"https:\/\/dentalpracticewerth.com\/es\/wp-json\/wp\/v2\/pages\/6666","targetHints":{"allow":["GET"]}}],"collection":[{"href":"https:\/\/dentalpracticewerth.com\/es\/wp-json\/wp\/v2\/pages"}],"about":[{"href":"https:\/\/dentalpracticewerth.com\/es\/wp-json\/wp\/v2\/types\/page"}],"author":[{"embeddable":true,"href":"https:\/\/dentalpracticewerth.com\/es\/wp-json\/wp\/v2\/users\/5"}],"replies":[{"embeddable":true,"href":"https:\/\/dentalpracticewerth.com\/es\/wp-json\/wp\/v2\/comments?post=6666"}],"version-history":[{"count":1,"href":"https:\/\/dentalpracticewerth.com\/es\/wp-json\/wp\/v2\/pages\/6666\/revisions"}],"predecessor-version":[{"id":6667,"href":"https:\/\/dentalpracticewerth.com\/es\/wp-json\/wp\/v2\/pages\/6666\/revisions\/6667"}],"wp:attachment":[{"href":"https:\/\/dentalpracticewerth.com\/es\/wp-json\/wp\/v2\/media?parent=6666"}],"curies":[{"name":"wp","href":"https:\/\/api.w.org\/{rel}","templated":true}]}}