{"id":6351,"date":"2024-07-18T13:40:47","date_gmt":"2024-07-18T11:40:47","guid":{"rendered":"https:\/\/dentalpracticewerth.com\/?page_id=6351"},"modified":"2026-02-05T11:09:07","modified_gmt":"2026-02-05T10:09:07","slug":"paradontitis","status":"publish","type":"page","link":"https:\/\/dentalpracticewerth.com\/es\/paradontitis\/","title":{"rendered":"Periodontitis"},"content":{"rendered":"\t\t<div data-elementor-type=\"wp-page\" data-elementor-id=\"6351\" class=\"elementor elementor-6351 elementor-5711\" data-elementor-post-type=\"page\">\n\t\t\t\t<div class=\"elementor-element elementor-element-32cd280 e-flex e-con-boxed e-con e-parent\" data-id=\"32cd280\" data-element_type=\"container\" data-e-type=\"container\" data-settings=\"{&quot;background_background&quot;:&quot;classic&quot;}\">\n\t\t\t\t\t<div class=\"e-con-inner\">\n\t\t<div class=\"elementor-element elementor-element-f0ca579 e-con-full e-flex e-con e-child\" data-id=\"f0ca579\" data-element_type=\"container\" data-e-type=\"container\">\n\t\t\t\t<div class=\"elementor-element elementor-element-c6021a0 elementor-widget elementor-widget-heading\" data-id=\"c6021a0\" data-element_type=\"widget\" data-e-type=\"widget\" data-widget_type=\"heading.default\">\n\t\t\t\t<div class=\"elementor-widget-container\">\n\t\t\t\t\t<h2 class=\"elementor-heading-title elementor-size-default\">Periodontitis<\/h2>\t\t\t\t<\/div>\n\t\t\t\t<\/div>\n\t\t\t\t<div class=\"elementor-element elementor-element-1613ea4 elementor-widget__width-initial elementor-widget-tablet__width-inherit elementor-widget elementor-widget-text-editor\" data-id=\"1613ea4\" data-element_type=\"widget\" data-e-type=\"widget\" data-widget_type=\"text-editor.default\">\n\t\t\t\t<div class=\"elementor-widget-container\">\n\t\t\t\t\t\t\t\t\tLa enfermedad periodontal se caracteriza por enc\u00edas enrojecidas, inflamadas, sangrantes o retra\u00eddas, as\u00ed como por mal aliento, dolor al masticar y movilidad dental.\n\nEl principal factor etiol\u00f3gico es la acumulaci\u00f3n de placa bacteriana, generalmente debida a un cepillado inadecuado, que provoca gingivitis o inflamaci\u00f3n de las enc\u00edas. Si esta situaci\u00f3n se mantiene en el tiempo, o si el paciente presenta una predisposici\u00f3n gen\u00e9tica a desarrollar periodontitis, comienza la p\u00e9rdida del hueso que sostiene los dientes.\n\nFactores que favorecen la aparici\u00f3n de la enfermedad periodontal:\n<ul>\n  <li>Diabetes, embarazo, consumo de tabaco, mala higiene bucodental, estr\u00e9s, malnutrici\u00f3n y algunos medicamentos.<\/li>\n  <li>Pr\u00f3tesis y empastes mal ajustados, api\u00f1amiento dental, surcos profundos o defectos anat\u00f3micos.<\/li>\n<\/ul>\n\t\t\t\t\t\t\t\t<\/div>\n\t\t\t\t<\/div>\n\t\t\t\t<\/div>\n\t\t<div class=\"elementor-element elementor-element-dde8cc1 e-con-full e-flex e-con e-child\" data-id=\"dde8cc1\" data-element_type=\"container\" data-e-type=\"container\">\n\t\t\t\t<div class=\"elementor-element elementor-element-be6816e elementor-widget elementor-widget-image\" data-id=\"be6816e\" data-element_type=\"widget\" data-e-type=\"widget\" data-widget_type=\"image.default\">\n\t\t\t\t<div class=\"elementor-widget-container\">\n\t\t\t\t\t\t\t\t\t\t\t\t\t\t\t<img fetchpriority=\"high\" decoding=\"async\" width=\"600\" height=\"201\" src=\"https:\/\/dentalpracticewerth.com\/wp-content\/uploads\/2024\/05\/paradontitis.jpeg\" class=\"attachment-large size-large wp-image-6352\" alt=\"\" srcset=\"https:\/\/dentalpracticewerth.com\/wp-content\/uploads\/2024\/05\/paradontitis.jpeg 600w, https:\/\/dentalpracticewerth.com\/wp-content\/uploads\/2024\/05\/paradontitis-300x101.jpeg 300w\" sizes=\"(max-width: 600px) 100vw, 600px\" \/>\t\t\t\t\t\t\t\t\t\t\t\t\t\t\t<\/div>\n\t\t\t\t<\/div>\n\t\t\t\t<div class=\"elementor-element elementor-element-0250284 elementor-widget__width-initial elementor-widget-tablet__width-inherit elementor-widget elementor-widget-text-editor\" data-id=\"0250284\" data-element_type=\"widget\" data-e-type=\"widget\" data-widget_type=\"text-editor.default\">\n\t\t\t\t<div class=\"elementor-widget-container\">\n\t\t\t\t\t\t\t\t\t<b>Importante<\/b>: Los problemas de enc\u00edas NO DUELEN en la gran mayor\u00eda de los casos.\n<span style=\"font-style: inherit; text-align: var(--text-align); background-color: var( --e-global-color-astglobalcolor5 ); color: var(--ast-global-color-3);\">\n<b>\u00a1La enfermedad periodontal se puede CURAR<\/b><\/span><span style=\"font-style: inherit; font-weight: inherit; text-align: var(--text-align); background-color: var( --e-global-color-astglobalcolor5 ); color: var(--ast-global-color-3);\">! Con el tratamiento periodontal es posible detener la p\u00e9rdida \u00f3sea, pero tambi\u00e9n es necesario un mantenimiento de por vida, tanto en casa como en la cl\u00ednica (para acceder a zonas a las que el paciente no llega y prevenir reca\u00eddas).<\/span>\n\t\t\t\t\t\t\t\t<\/div>\n\t\t\t\t<\/div>\n\t\t\t\t<\/div>\n\t\t\t\t\t<\/div>\n\t\t\t\t<\/div>\n\t\t<div class=\"elementor-element elementor-element-657e031 e-flex e-con-boxed e-con e-parent\" data-id=\"657e031\" data-element_type=\"container\" data-e-type=\"container\" data-settings=\"{&quot;background_background&quot;:&quot;classic&quot;}\">\n\t\t\t\t\t<div class=\"e-con-inner\">\n\t\t\t\t<div class=\"elementor-element elementor-element-259436a elementor-widget elementor-widget-heading\" data-id=\"259436a\" data-element_type=\"widget\" data-e-type=\"widget\" data-widget_type=\"heading.default\">\n\t\t\t\t<div class=\"elementor-widget-container\">\n\t\t\t\t\t<h2 class=\"elementor-heading-title elementor-size-default\">Tratamientos de la enfermedad periodontal<\/h2>\t\t\t\t<\/div>\n\t\t\t\t<\/div>\n\t\t\t\t<div class=\"elementor-element elementor-element-cb26eb1 elementor-widget__width-initial elementor-widget-tablet__width-inherit elementor-widget elementor-widget-text-editor\" data-id=\"cb26eb1\" data-element_type=\"widget\" data-e-type=\"widget\" data-widget_type=\"text-editor.default\">\n\t\t\t\t<div class=\"elementor-widget-container\">\n\t\t\t\t\t\t\t\t\t<p>La terapia periodontal comienza con una consulta y una exploraci\u00f3n para determinar el estadio de la enfermedad y elaborar un plan de tratamiento. Dependiendo de la fase en la que se encuentre la enfermedad, se pueden aplicar distintos tratamientos:<\/p><p><strong>Mantenimiento periodontal o profilaxis<\/strong><br \/>Se recomienda al menos una vez al a\u00f1o (en algunos casos dos o tres veces), seg\u00fan el diagn\u00f3stico de nuestros higienistas, para pacientes con enc\u00edas sanas. Durante este tratamiento se elimina la placa bacteriana y el sarro, que no pueden eliminarse \u00fanicamente con la limpieza habitual en casa.<\/p>\t\t\t\t\t\t\t\t<\/div>\n\t\t\t\t<\/div>\n\t\t\t\t\t<\/div>\n\t\t\t\t<\/div>\n\t\t\t\t<\/div>\n\t\t","protected":false},"excerpt":{"rendered":"<p>Periodontitis La enfermedad periodontal se caracteriza por enc\u00edas enrojecidas, inflamadas, sangrantes o retra\u00eddas, as\u00ed como por mal aliento, dolor al masticar y movilidad dental. El [&hellip;]<\/p>\n","protected":false},"author":3,"featured_media":0,"parent":0,"menu_order":0,"comment_status":"closed","ping_status":"closed","template":"","meta":{"site-sidebar-layout":"no-sidebar","site-content-layout":"page-builder","ast-site-content-layout":"full-width-container","site-content-style":"default","site-sidebar-style":"default","ast-global-header-display":"","ast-banner-title-visibility":"","ast-main-header-display":"","ast-hfb-above-header-display":"","ast-hfb-below-header-display":"","ast-hfb-mobile-header-display":"","site-post-title":"disabled","ast-breadcrumbs-content":"","ast-featured-img":"disabled","footer-sml-layout":"","ast-disable-related-posts":"","theme-transparent-header-meta":"default","adv-header-id-meta":"","stick-header-meta":"default","header-above-stick-meta":"","header-main-stick-meta":"","header-below-stick-meta":"","astra-migrate-meta-layouts":"set","ast-page-background-enabled":"default","ast-page-background-meta":{"desktop":{"background-color":"var(--ast-global-color-4)","background-image":"","background-repeat":"repeat","background-position":"center center","background-size":"auto","background-attachment":"scroll","background-type":"","background-media":"","overlay-type":"","overlay-color":"","overlay-opacity":"","overlay-gradient":""},"tablet":{"background-color":"","background-image":"","background-repeat":"repeat","background-position":"center center","background-size":"auto","background-attachment":"scroll","background-type":"","background-media":"","overlay-type":"","overlay-color":"","overlay-opacity":"","overlay-gradient":""},"mobile":{"background-color":"","background-image":"","background-repeat":"repeat","background-position":"center center","background-size":"auto","background-attachment":"scroll","background-type":"","background-media":"","overlay-type":"","overlay-color":"","overlay-opacity":"","overlay-gradient":""}},"ast-content-background-meta":{"desktop":{"background-color":"var(--ast-global-color-5)","background-image":"","background-repeat":"repeat","background-position":"center center","background-size":"auto","background-attachment":"scroll","background-type":"","background-media":"","overlay-type":"","overlay-color":"","overlay-opacity":"","overlay-gradient":""},"tablet":{"background-color":"var(--ast-global-color-5)","background-image":"","background-repeat":"repeat","background-position":"center center","background-size":"auto","background-attachment":"scroll","background-type":"","background-media":"","overlay-type":"","overlay-color":"","overlay-opacity":"","overlay-gradient":""},"mobile":{"background-color":"var(--ast-global-color-5)","background-image":"","background-repeat":"repeat","background-position":"center center","background-size":"auto","background-attachment":"scroll","background-type":"","background-media":"","overlay-type":"","overlay-color":"","overlay-opacity":"","overlay-gradient":""}},"footnotes":""},"class_list":["post-6351","page","type-page","status-publish","hentry"],"yoast_head":"<!-- This site is optimized with the Yoast SEO plugin v27.4 - https:\/\/yoast.com\/product\/yoast-seo-wordpress\/ -->\n<title>Periodontitis - Dental Practice Werth<\/title>\n<meta name=\"robots\" content=\"index, follow, max-snippet:-1, max-image-preview:large, max-video-preview:-1\" \/>\n<link rel=\"canonical\" href=\"https:\/\/dentalpracticewerth.com\/es\/paradontitis\/\" \/>\n<meta property=\"og:locale\" content=\"es_ES\" \/>\n<meta property=\"og:type\" content=\"article\" \/>\n<meta property=\"og:title\" content=\"Periodontitis - Dental Practice Werth\" \/>\n<meta property=\"og:description\" content=\"Periodontitis La enfermedad periodontal se caracteriza por enc\u00edas enrojecidas, inflamadas, sangrantes o retra\u00eddas, as\u00ed como por mal aliento, dolor al masticar y movilidad dental. El [&hellip;]\" \/>\n<meta property=\"og:url\" content=\"https:\/\/dentalpracticewerth.com\/es\/paradontitis\/\" \/>\n<meta property=\"og:site_name\" content=\"Dental Practice Werth\" \/>\n<meta property=\"article:modified_time\" content=\"2026-02-05T10:09:07+00:00\" \/>\n<meta property=\"og:image\" content=\"https:\/\/dentalpracticewerth.com\/wp-content\/uploads\/2024\/05\/paradontitis.jpeg\" \/>\n<meta name=\"twitter:card\" content=\"summary_large_image\" \/>\n<meta name=\"twitter:label1\" content=\"Tiempo de lectura\" \/>\n\t<meta name=\"twitter:data1\" content=\"2 minutos\" \/>\n<script type=\"application\/ld+json\" class=\"yoast-schema-graph\">{\"@context\":\"https:\\\/\\\/schema.org\",\"@graph\":[{\"@type\":\"WebPage\",\"@id\":\"https:\\\/\\\/dentalpracticewerth.com\\\/es\\\/paradontitis\\\/\",\"url\":\"https:\\\/\\\/dentalpracticewerth.com\\\/es\\\/paradontitis\\\/\",\"name\":\"Periodontitis - Dental Practice Werth\",\"isPartOf\":{\"@id\":\"https:\\\/\\\/dentalpracticewerth.com\\\/#website\"},\"primaryImageOfPage\":{\"@id\":\"https:\\\/\\\/dentalpracticewerth.com\\\/es\\\/paradontitis\\\/#primaryimage\"},\"image\":{\"@id\":\"https:\\\/\\\/dentalpracticewerth.com\\\/es\\\/paradontitis\\\/#primaryimage\"},\"thumbnailUrl\":\"https:\\\/\\\/dentalpracticewerth.com\\\/wp-content\\\/uploads\\\/2024\\\/05\\\/paradontitis.jpeg\",\"datePublished\":\"2024-07-18T11:40:47+00:00\",\"dateModified\":\"2026-02-05T10:09:07+00:00\",\"breadcrumb\":{\"@id\":\"https:\\\/\\\/dentalpracticewerth.com\\\/es\\\/paradontitis\\\/#breadcrumb\"},\"inLanguage\":\"es\",\"potentialAction\":[{\"@type\":\"ReadAction\",\"target\":[\"https:\\\/\\\/dentalpracticewerth.com\\\/es\\\/paradontitis\\\/\"]}]},{\"@type\":\"ImageObject\",\"inLanguage\":\"es\",\"@id\":\"https:\\\/\\\/dentalpracticewerth.com\\\/es\\\/paradontitis\\\/#primaryimage\",\"url\":\"https:\\\/\\\/dentalpracticewerth.com\\\/wp-content\\\/uploads\\\/2024\\\/05\\\/paradontitis.jpeg\",\"contentUrl\":\"https:\\\/\\\/dentalpracticewerth.com\\\/wp-content\\\/uploads\\\/2024\\\/05\\\/paradontitis.jpeg\"},{\"@type\":\"BreadcrumbList\",\"@id\":\"https:\\\/\\\/dentalpracticewerth.com\\\/es\\\/paradontitis\\\/#breadcrumb\",\"itemListElement\":[{\"@type\":\"ListItem\",\"position\":1,\"name\":\"Home\",\"item\":\"https:\\\/\\\/dentalpracticewerth.com\\\/es\\\/\"},{\"@type\":\"ListItem\",\"position\":2,\"name\":\"Periodontitis\"}]},{\"@type\":\"WebSite\",\"@id\":\"https:\\\/\\\/dentalpracticewerth.com\\\/#website\",\"url\":\"https:\\\/\\\/dentalpracticewerth.com\\\/\",\"name\":\"Dental Practice Werth\",\"description\":\"Ervaren tandartsenpraktijk met een huiselijke sfeer\",\"publisher\":{\"@id\":\"https:\\\/\\\/dentalpracticewerth.com\\\/#organization\"},\"potentialAction\":[{\"@type\":\"SearchAction\",\"target\":{\"@type\":\"EntryPoint\",\"urlTemplate\":\"https:\\\/\\\/dentalpracticewerth.com\\\/?s={search_term_string}\"},\"query-input\":{\"@type\":\"PropertyValueSpecification\",\"valueRequired\":true,\"valueName\":\"search_term_string\"}}],\"inLanguage\":\"es\"},{\"@type\":\"Organization\",\"@id\":\"https:\\\/\\\/dentalpracticewerth.com\\\/#organization\",\"name\":\"Dental Practice Werth\",\"url\":\"https:\\\/\\\/dentalpracticewerth.com\\\/\",\"logo\":{\"@type\":\"ImageObject\",\"inLanguage\":\"es\",\"@id\":\"https:\\\/\\\/dentalpracticewerth.com\\\/#\\\/schema\\\/logo\\\/image\\\/\",\"url\":\"https:\\\/\\\/dentalpracticewerth.com\\\/wp-content\\\/uploads\\\/2024\\\/05\\\/logo-Werth-1.png\",\"contentUrl\":\"https:\\\/\\\/dentalpracticewerth.com\\\/wp-content\\\/uploads\\\/2024\\\/05\\\/logo-Werth-1.png\",\"width\":292,\"height\":240,\"caption\":\"Dental Practice Werth\"},\"image\":{\"@id\":\"https:\\\/\\\/dentalpracticewerth.com\\\/#\\\/schema\\\/logo\\\/image\\\/\"}}]}<\/script>\n<!-- \/ Yoast SEO plugin. -->","yoast_head_json":{"title":"Periodontitis - Dental Practice Werth","robots":{"index":"index","follow":"follow","max-snippet":"max-snippet:-1","max-image-preview":"max-image-preview:large","max-video-preview":"max-video-preview:-1"},"canonical":"https:\/\/dentalpracticewerth.com\/es\/paradontitis\/","og_locale":"es_ES","og_type":"article","og_title":"Periodontitis - Dental Practice Werth","og_description":"Periodontitis La enfermedad periodontal se caracteriza por enc\u00edas enrojecidas, inflamadas, sangrantes o retra\u00eddas, as\u00ed como por mal aliento, dolor al masticar y movilidad dental. El [&hellip;]","og_url":"https:\/\/dentalpracticewerth.com\/es\/paradontitis\/","og_site_name":"Dental Practice Werth","article_modified_time":"2026-02-05T10:09:07+00:00","og_image":[{"url":"https:\/\/dentalpracticewerth.com\/wp-content\/uploads\/2024\/05\/paradontitis.jpeg","type":"","width":"","height":""}],"twitter_card":"summary_large_image","twitter_misc":{"Tiempo de lectura":"2 minutos"},"schema":{"@context":"https:\/\/schema.org","@graph":[{"@type":"WebPage","@id":"https:\/\/dentalpracticewerth.com\/es\/paradontitis\/","url":"https:\/\/dentalpracticewerth.com\/es\/paradontitis\/","name":"Periodontitis - Dental Practice Werth","isPartOf":{"@id":"https:\/\/dentalpracticewerth.com\/#website"},"primaryImageOfPage":{"@id":"https:\/\/dentalpracticewerth.com\/es\/paradontitis\/#primaryimage"},"image":{"@id":"https:\/\/dentalpracticewerth.com\/es\/paradontitis\/#primaryimage"},"thumbnailUrl":"https:\/\/dentalpracticewerth.com\/wp-content\/uploads\/2024\/05\/paradontitis.jpeg","datePublished":"2024-07-18T11:40:47+00:00","dateModified":"2026-02-05T10:09:07+00:00","breadcrumb":{"@id":"https:\/\/dentalpracticewerth.com\/es\/paradontitis\/#breadcrumb"},"inLanguage":"es","potentialAction":[{"@type":"ReadAction","target":["https:\/\/dentalpracticewerth.com\/es\/paradontitis\/"]}]},{"@type":"ImageObject","inLanguage":"es","@id":"https:\/\/dentalpracticewerth.com\/es\/paradontitis\/#primaryimage","url":"https:\/\/dentalpracticewerth.com\/wp-content\/uploads\/2024\/05\/paradontitis.jpeg","contentUrl":"https:\/\/dentalpracticewerth.com\/wp-content\/uploads\/2024\/05\/paradontitis.jpeg"},{"@type":"BreadcrumbList","@id":"https:\/\/dentalpracticewerth.com\/es\/paradontitis\/#breadcrumb","itemListElement":[{"@type":"ListItem","position":1,"name":"Home","item":"https:\/\/dentalpracticewerth.com\/es\/"},{"@type":"ListItem","position":2,"name":"Periodontitis"}]},{"@type":"WebSite","@id":"https:\/\/dentalpracticewerth.com\/#website","url":"https:\/\/dentalpracticewerth.com\/","name":"Dental Practice Werth","description":"Ervaren tandartsenpraktijk met een huiselijke sfeer","publisher":{"@id":"https:\/\/dentalpracticewerth.com\/#organization"},"potentialAction":[{"@type":"SearchAction","target":{"@type":"EntryPoint","urlTemplate":"https:\/\/dentalpracticewerth.com\/?s={search_term_string}"},"query-input":{"@type":"PropertyValueSpecification","valueRequired":true,"valueName":"search_term_string"}}],"inLanguage":"es"},{"@type":"Organization","@id":"https:\/\/dentalpracticewerth.com\/#organization","name":"Dental Practice Werth","url":"https:\/\/dentalpracticewerth.com\/","logo":{"@type":"ImageObject","inLanguage":"es","@id":"https:\/\/dentalpracticewerth.com\/#\/schema\/logo\/image\/","url":"https:\/\/dentalpracticewerth.com\/wp-content\/uploads\/2024\/05\/logo-Werth-1.png","contentUrl":"https:\/\/dentalpracticewerth.com\/wp-content\/uploads\/2024\/05\/logo-Werth-1.png","width":292,"height":240,"caption":"Dental Practice Werth"},"image":{"@id":"https:\/\/dentalpracticewerth.com\/#\/schema\/logo\/image\/"}}]}},"_links":{"self":[{"href":"https:\/\/dentalpracticewerth.com\/es\/wp-json\/wp\/v2\/pages\/6351","targetHints":{"allow":["GET"]}}],"collection":[{"href":"https:\/\/dentalpracticewerth.com\/es\/wp-json\/wp\/v2\/pages"}],"about":[{"href":"https:\/\/dentalpracticewerth.com\/es\/wp-json\/wp\/v2\/types\/page"}],"author":[{"embeddable":true,"href":"https:\/\/dentalpracticewerth.com\/es\/wp-json\/wp\/v2\/users\/3"}],"replies":[{"embeddable":true,"href":"https:\/\/dentalpracticewerth.com\/es\/wp-json\/wp\/v2\/comments?post=6351"}],"version-history":[{"count":5,"href":"https:\/\/dentalpracticewerth.com\/es\/wp-json\/wp\/v2\/pages\/6351\/revisions"}],"predecessor-version":[{"id":6648,"href":"https:\/\/dentalpracticewerth.com\/es\/wp-json\/wp\/v2\/pages\/6351\/revisions\/6648"}],"wp:attachment":[{"href":"https:\/\/dentalpracticewerth.com\/es\/wp-json\/wp\/v2\/media?parent=6351"}],"curies":[{"name":"wp","href":"https:\/\/api.w.org\/{rel}","templated":true}]}}