{"id":6349,"date":"2024-07-18T13:38:22","date_gmt":"2024-07-18T11:38:22","guid":{"rendered":"https:\/\/dentalpracticewerth.com\/?page_id=6349"},"modified":"2026-02-05T11:05:32","modified_gmt":"2026-02-05T10:05:32","slug":"oral-hygiene","status":"publish","type":"page","link":"https:\/\/dentalpracticewerth.com\/es\/oral-hygiene\/","title":{"rendered":"Higiene bucodental"},"content":{"rendered":"\t\t<div data-elementor-type=\"wp-page\" data-elementor-id=\"6349\" class=\"elementor elementor-6349 elementor-5715\" data-elementor-post-type=\"page\">\n\t\t\t\t<div class=\"elementor-element elementor-element-e3ae11d e-flex e-con-boxed e-con e-parent\" data-id=\"e3ae11d\" data-element_type=\"container\" data-e-type=\"container\" data-settings=\"{&quot;background_background&quot;:&quot;classic&quot;}\">\n\t\t\t\t\t<div class=\"e-con-inner\">\n\t\t<div class=\"elementor-element elementor-element-25e585f e-con-full e-flex e-con e-child\" data-id=\"25e585f\" data-element_type=\"container\" data-e-type=\"container\">\n\t\t\t\t<div class=\"elementor-element elementor-element-b604eee elementor-widget elementor-widget-heading\" data-id=\"b604eee\" data-element_type=\"widget\" data-e-type=\"widget\" data-widget_type=\"heading.default\">\n\t\t\t\t<div class=\"elementor-widget-container\">\n\t\t\t\t\t<h2 class=\"elementor-heading-title elementor-size-default\">Higiene bucodental<\/h2>\t\t\t\t<\/div>\n\t\t\t\t<\/div>\n\t\t\t\t<div class=\"elementor-element elementor-element-d3bd5e8 elementor-widget__width-initial elementor-widget-tablet__width-inherit elementor-widget elementor-widget-text-editor\" data-id=\"d3bd5e8\" data-element_type=\"widget\" data-e-type=\"widget\" data-widget_type=\"text-editor.default\">\n\t\t\t\t<div class=\"elementor-widget-container\">\n\t\t\t\t\t\t\t\t\t<p>Una buena salud bucodental te ayuda a disfrutar de la vida. Te permite hablar con claridad, saborear, masticar y tragar alimentos deliciosos y nutritivos, y expresar tus emociones a trav\u00e9s de gestos faciales como la sonrisa.<br \/>Si proteges tu salud bucodental con una buena higiene oral (cepillado y uso de hilo dental), tendr\u00e1s muchas m\u00e1s posibilidades de conservar tus dientes durante toda la vida.<\/p><p class=\"p1\"><b>Cep\u00edllate los dientes<\/b><br \/>Para mantener los dientes sanos, es fundamental eliminar la placa dental, una pel\u00edcula pegajosa e incolora de bacterias. La acumulaci\u00f3n de placa puede provocar caries y enfermedades de las enc\u00edas.<\/p>\t\t\t\t\t\t\t\t<\/div>\n\t\t\t\t<\/div>\n\t\t\t\t<\/div>\n\t\t<div class=\"elementor-element elementor-element-1818aef e-flex e-con-boxed e-con e-child\" data-id=\"1818aef\" data-element_type=\"container\" data-e-type=\"container\">\n\t\t\t\t\t<div class=\"e-con-inner\">\n\t\t\t\t<div class=\"elementor-element elementor-element-0a7afb8 elementor-widget elementor-widget-image\" data-id=\"0a7afb8\" data-element_type=\"widget\" data-e-type=\"widget\" data-widget_type=\"image.default\">\n\t\t\t\t<div class=\"elementor-widget-container\">\n\t\t\t\t\t\t\t\t\t\t\t\t\t\t\t<img fetchpriority=\"high\" decoding=\"async\" width=\"640\" height=\"426\" src=\"https:\/\/dentalpracticewerth.com\/wp-content\/uploads\/2024\/05\/Dental-Practice-Werth-instrumenten.jpg\" class=\"attachment-large size-large wp-image-5647\" alt=\"\" srcset=\"https:\/\/dentalpracticewerth.com\/wp-content\/uploads\/2024\/05\/Dental-Practice-Werth-instrumenten.jpg 640w, https:\/\/dentalpracticewerth.com\/wp-content\/uploads\/2024\/05\/Dental-Practice-Werth-instrumenten-300x200.jpg 300w\" sizes=\"(max-width: 640px) 100vw, 640px\" \/>\t\t\t\t\t\t\t\t\t\t\t\t\t\t\t<\/div>\n\t\t\t\t<\/div>\n\t\t\t\t\t<\/div>\n\t\t\t\t<\/div>\n\t\t\t\t\t<\/div>\n\t\t\t\t<\/div>\n\t\t<div class=\"elementor-element elementor-element-e6eab97 e-flex e-con-boxed e-con e-parent\" data-id=\"e6eab97\" data-element_type=\"container\" data-e-type=\"container\" data-settings=\"{&quot;background_background&quot;:&quot;classic&quot;}\">\n\t\t\t\t\t<div class=\"e-con-inner\">\n\t\t\t\t<div class=\"elementor-element elementor-element-dcce3f8 elementor-widget elementor-widget-heading\" data-id=\"dcce3f8\" data-element_type=\"widget\" data-e-type=\"widget\" data-widget_type=\"heading.default\">\n\t\t\t\t<div class=\"elementor-widget-container\">\n\t\t\t\t\t<h2 class=\"elementor-heading-title elementor-size-default\">\u00bfSab\u00edas que\u2026?<\/h2>\t\t\t\t<\/div>\n\t\t\t\t<\/div>\n\t\t\t\t<div class=\"elementor-element elementor-element-c461d82 elementor-widget__width-initial elementor-widget-tablet__width-inherit elementor-widget elementor-widget-text-editor\" data-id=\"c461d82\" data-element_type=\"widget\" data-e-type=\"widget\" data-widget_type=\"text-editor.default\">\n\t\t\t\t<div class=\"elementor-widget-container\">\n\t\t\t\t\t\t\t\t\t<p>Incluso los dientes que ya tienen empastes pueden correr el riesgo de desarrollar caries. La placa puede acumularse debajo de un empaste da\u00f1ado y provocar nuevas caries. Adem\u00e1s, si existen zonas de la boca donde las enc\u00edas se han retra\u00eddo (lo que se conoce como recesi\u00f3n gingival), las ra\u00edces dentales expuestas tambi\u00e9n pueden verse afectadas por la caries.<\/p><p>La placa dental es dif\u00edcil de ver a simple vista, pero puede hacerse m\u00e1s visible utilizando reveladores de placa. Despu\u00e9s de cepillarte los dientes, puedes masticar pastillas reveladoras (que se venden en farmacias) o cepillarte con una pasta dental reveladora especial. El color mostrar\u00e1 d\u00f3nde a\u00fan queda placa, y as\u00ed podr\u00e1s volver a cepillar esas zonas para eliminarla.<br \/>(Para los padres: las pastillas reveladoras tambi\u00e9n pueden ser muy \u00fatiles para ense\u00f1ar a los ni\u00f1os a cepillarse correctamente).<\/p>\t\t\t\t\t\t\t\t<\/div>\n\t\t\t\t<\/div>\n\t\t\t\t\t<\/div>\n\t\t\t\t<\/div>\n\t\t<div class=\"elementor-element elementor-element-ddf3e34 e-flex e-con-boxed e-con e-parent\" data-id=\"ddf3e34\" data-element_type=\"container\" data-e-type=\"container\" data-settings=\"{&quot;background_background&quot;:&quot;classic&quot;}\">\n\t\t\t\t\t<div class=\"e-con-inner\">\n\t\t<div class=\"elementor-element elementor-element-41843bc e-con-full e-flex e-con e-child\" data-id=\"41843bc\" data-element_type=\"container\" data-e-type=\"container\">\n\t\t\t\t<div class=\"elementor-element elementor-element-95699c1 elementor-widget elementor-widget-heading\" data-id=\"95699c1\" data-element_type=\"widget\" data-e-type=\"widget\" data-widget_type=\"heading.default\">\n\t\t\t\t<div class=\"elementor-widget-container\">\n\t\t\t\t\t<h2 class=\"elementor-heading-title elementor-size-default\">Consejos para el cepillado:<\/h2>\t\t\t\t<\/div>\n\t\t\t\t<\/div>\n\t\t\t\t<div class=\"elementor-element elementor-element-3c5631d elementor-widget__width-initial elementor-widget-mobile__width-inherit elementor-widget-tablet__width-inherit elementor-widget elementor-widget-text-editor\" data-id=\"3c5631d\" data-element_type=\"widget\" data-e-type=\"widget\" data-widget_type=\"text-editor.default\">\n\t\t\t\t<div class=\"elementor-widget-container\">\n\t\t\t\t\t\t\t\t\t<ul>\n  <li>Utiliza una pasta dental con fl\u00faor. El fl\u00faor protege los dientes frente a la caries, ya que fortalece la capa externa dura del diente, llamada esmalte.<\/li>\n  <li>Coloca las cerdas del cepillo en \u00e1ngulo hacia la l\u00ednea de las enc\u00edas, para limpiar entre las enc\u00edas y los dientes.<\/li>\n  <li>Cep\u00edllate suavemente con movimientos peque\u00f1os y circulares. No frotes con fuerza de atr\u00e1s hacia delante.<\/li>\n  <li>Cepilla todas las superficies de cada diente.<\/li>\n  <li>Cepilla tambi\u00e9n la lengua.<\/li>\n<\/ul>\n\t\t\t\t\t\t\t\t<\/div>\n\t\t\t\t<\/div>\n\t\t\t\t<\/div>\n\t\t<div class=\"elementor-element elementor-element-1fb4dd6 e-flex e-con-boxed e-con e-child\" data-id=\"1fb4dd6\" data-element_type=\"container\" data-e-type=\"container\">\n\t\t\t\t\t<div class=\"e-con-inner\">\n\t\t\t\t<div class=\"elementor-element elementor-element-3d122c3 elementor-widget elementor-widget-image\" data-id=\"3d122c3\" data-element_type=\"widget\" data-e-type=\"widget\" data-widget_type=\"image.default\">\n\t\t\t\t<div class=\"elementor-widget-container\">\n\t\t\t\t\t\t\t\t\t\t\t\t\t\t\t<img fetchpriority=\"high\" decoding=\"async\" width=\"640\" height=\"426\" src=\"https:\/\/dentalpracticewerth.com\/wp-content\/uploads\/2024\/05\/Dental-Practice-Werth-instrumenten.jpg\" class=\"attachment-large size-large wp-image-5647\" alt=\"\" srcset=\"https:\/\/dentalpracticewerth.com\/wp-content\/uploads\/2024\/05\/Dental-Practice-Werth-instrumenten.jpg 640w, https:\/\/dentalpracticewerth.com\/wp-content\/uploads\/2024\/05\/Dental-Practice-Werth-instrumenten-300x200.jpg 300w\" sizes=\"(max-width: 640px) 100vw, 640px\" \/>\t\t\t\t\t\t\t\t\t\t\t\t\t\t\t<\/div>\n\t\t\t\t<\/div>\n\t\t\t\t\t<\/div>\n\t\t\t\t<\/div>\n\t\t\t\t\t<\/div>\n\t\t\t\t<\/div>\n\t\t\t\t<\/div>\n\t\t","protected":false},"excerpt":{"rendered":"<p>Higiene bucodental Una buena salud bucodental te ayuda a disfrutar de la vida. Te permite hablar con claridad, saborear, masticar y tragar alimentos deliciosos y [&hellip;]<\/p>\n","protected":false},"author":3,"featured_media":0,"parent":0,"menu_order":0,"comment_status":"closed","ping_status":"closed","template":"","meta":{"site-sidebar-layout":"no-sidebar","site-content-layout":"page-builder","ast-site-content-layout":"full-width-container","site-content-style":"default","site-sidebar-style":"default","ast-global-header-display":"","ast-banner-title-visibility":"","ast-main-header-display":"","ast-hfb-above-header-display":"","ast-hfb-below-header-display":"","ast-hfb-mobile-header-display":"","site-post-title":"disabled","ast-breadcrumbs-content":"","ast-featured-img":"disabled","footer-sml-layout":"","ast-disable-related-posts":"","theme-transparent-header-meta":"default","adv-header-id-meta":"","stick-header-meta":"default","header-above-stick-meta":"","header-main-stick-meta":"","header-below-stick-meta":"","astra-migrate-meta-layouts":"set","ast-page-background-enabled":"default","ast-page-background-meta":{"desktop":{"background-color":"var(--ast-global-color-4)","background-image":"","background-repeat":"repeat","background-position":"center center","background-size":"auto","background-attachment":"scroll","background-type":"","background-media":"","overlay-type":"","overlay-color":"","overlay-opacity":"","overlay-gradient":""},"tablet":{"background-color":"","background-image":"","background-repeat":"repeat","background-position":"center center","background-size":"auto","background-attachment":"scroll","background-type":"","background-media":"","overlay-type":"","overlay-color":"","overlay-opacity":"","overlay-gradient":""},"mobile":{"background-color":"","background-image":"","background-repeat":"repeat","background-position":"center center","background-size":"auto","background-attachment":"scroll","background-type":"","background-media":"","overlay-type":"","overlay-color":"","overlay-opacity":"","overlay-gradient":""}},"ast-content-background-meta":{"desktop":{"background-color":"var(--ast-global-color-5)","background-image":"","background-repeat":"repeat","background-position":"center center","background-size":"auto","background-attachment":"scroll","background-type":"","background-media":"","overlay-type":"","overlay-color":"","overlay-opacity":"","overlay-gradient":""},"tablet":{"background-color":"var(--ast-global-color-5)","background-image":"","background-repeat":"repeat","background-position":"center center","background-size":"auto","background-attachment":"scroll","background-type":"","background-media":"","overlay-type":"","overlay-color":"","overlay-opacity":"","overlay-gradient":""},"mobile":{"background-color":"var(--ast-global-color-5)","background-image":"","background-repeat":"repeat","background-position":"center center","background-size":"auto","background-attachment":"scroll","background-type":"","background-media":"","overlay-type":"","overlay-color":"","overlay-opacity":"","overlay-gradient":""}},"footnotes":""},"class_list":["post-6349","page","type-page","status-publish","hentry"],"yoast_head":"<!-- This site is optimized with the Yoast SEO plugin v27.4 - https:\/\/yoast.com\/product\/yoast-seo-wordpress\/ -->\n<title>Higiene bucodental - Dental Practice Werth<\/title>\n<meta name=\"robots\" content=\"index, follow, max-snippet:-1, max-image-preview:large, max-video-preview:-1\" \/>\n<link rel=\"canonical\" href=\"https:\/\/dentalpracticewerth.com\/es\/oral-hygiene\/\" \/>\n<meta property=\"og:locale\" content=\"es_ES\" \/>\n<meta property=\"og:type\" content=\"article\" \/>\n<meta property=\"og:title\" content=\"Higiene bucodental - Dental Practice Werth\" \/>\n<meta property=\"og:description\" content=\"Higiene bucodental Una buena salud bucodental te ayuda a disfrutar de la vida. Te permite hablar con claridad, saborear, masticar y tragar alimentos deliciosos y [&hellip;]\" \/>\n<meta property=\"og:url\" content=\"https:\/\/dentalpracticewerth.com\/es\/oral-hygiene\/\" \/>\n<meta property=\"og:site_name\" content=\"Dental Practice Werth\" \/>\n<meta property=\"article:modified_time\" content=\"2026-02-05T10:05:32+00:00\" \/>\n<meta property=\"og:image\" content=\"https:\/\/dentalpracticewerth.com\/wp-content\/uploads\/2024\/05\/Dental-Practice-Werth-instrumenten.jpg\" \/>\n<meta name=\"twitter:card\" content=\"summary_large_image\" \/>\n<meta name=\"twitter:label1\" content=\"Tiempo de lectura\" \/>\n\t<meta name=\"twitter:data1\" content=\"2 minutos\" \/>\n<script type=\"application\/ld+json\" class=\"yoast-schema-graph\">{\"@context\":\"https:\\\/\\\/schema.org\",\"@graph\":[{\"@type\":\"WebPage\",\"@id\":\"https:\\\/\\\/dentalpracticewerth.com\\\/es\\\/oral-hygiene\\\/\",\"url\":\"https:\\\/\\\/dentalpracticewerth.com\\\/es\\\/oral-hygiene\\\/\",\"name\":\"Higiene bucodental - Dental Practice Werth\",\"isPartOf\":{\"@id\":\"https:\\\/\\\/dentalpracticewerth.com\\\/#website\"},\"primaryImageOfPage\":{\"@id\":\"https:\\\/\\\/dentalpracticewerth.com\\\/es\\\/oral-hygiene\\\/#primaryimage\"},\"image\":{\"@id\":\"https:\\\/\\\/dentalpracticewerth.com\\\/es\\\/oral-hygiene\\\/#primaryimage\"},\"thumbnailUrl\":\"https:\\\/\\\/dentalpracticewerth.com\\\/wp-content\\\/uploads\\\/2024\\\/05\\\/Dental-Practice-Werth-instrumenten.jpg\",\"datePublished\":\"2024-07-18T11:38:22+00:00\",\"dateModified\":\"2026-02-05T10:05:32+00:00\",\"breadcrumb\":{\"@id\":\"https:\\\/\\\/dentalpracticewerth.com\\\/es\\\/oral-hygiene\\\/#breadcrumb\"},\"inLanguage\":\"es\",\"potentialAction\":[{\"@type\":\"ReadAction\",\"target\":[\"https:\\\/\\\/dentalpracticewerth.com\\\/es\\\/oral-hygiene\\\/\"]}]},{\"@type\":\"ImageObject\",\"inLanguage\":\"es\",\"@id\":\"https:\\\/\\\/dentalpracticewerth.com\\\/es\\\/oral-hygiene\\\/#primaryimage\",\"url\":\"https:\\\/\\\/dentalpracticewerth.com\\\/wp-content\\\/uploads\\\/2024\\\/05\\\/Dental-Practice-Werth-instrumenten.jpg\",\"contentUrl\":\"https:\\\/\\\/dentalpracticewerth.com\\\/wp-content\\\/uploads\\\/2024\\\/05\\\/Dental-Practice-Werth-instrumenten.jpg\"},{\"@type\":\"BreadcrumbList\",\"@id\":\"https:\\\/\\\/dentalpracticewerth.com\\\/es\\\/oral-hygiene\\\/#breadcrumb\",\"itemListElement\":[{\"@type\":\"ListItem\",\"position\":1,\"name\":\"Home\",\"item\":\"https:\\\/\\\/dentalpracticewerth.com\\\/es\\\/\"},{\"@type\":\"ListItem\",\"position\":2,\"name\":\"Higiene bucodental\"}]},{\"@type\":\"WebSite\",\"@id\":\"https:\\\/\\\/dentalpracticewerth.com\\\/#website\",\"url\":\"https:\\\/\\\/dentalpracticewerth.com\\\/\",\"name\":\"Dental Practice Werth\",\"description\":\"Ervaren tandartsenpraktijk met een huiselijke sfeer\",\"publisher\":{\"@id\":\"https:\\\/\\\/dentalpracticewerth.com\\\/#organization\"},\"potentialAction\":[{\"@type\":\"SearchAction\",\"target\":{\"@type\":\"EntryPoint\",\"urlTemplate\":\"https:\\\/\\\/dentalpracticewerth.com\\\/?s={search_term_string}\"},\"query-input\":{\"@type\":\"PropertyValueSpecification\",\"valueRequired\":true,\"valueName\":\"search_term_string\"}}],\"inLanguage\":\"es\"},{\"@type\":\"Organization\",\"@id\":\"https:\\\/\\\/dentalpracticewerth.com\\\/#organization\",\"name\":\"Dental Practice Werth\",\"url\":\"https:\\\/\\\/dentalpracticewerth.com\\\/\",\"logo\":{\"@type\":\"ImageObject\",\"inLanguage\":\"es\",\"@id\":\"https:\\\/\\\/dentalpracticewerth.com\\\/#\\\/schema\\\/logo\\\/image\\\/\",\"url\":\"https:\\\/\\\/dentalpracticewerth.com\\\/wp-content\\\/uploads\\\/2024\\\/05\\\/logo-Werth-1.png\",\"contentUrl\":\"https:\\\/\\\/dentalpracticewerth.com\\\/wp-content\\\/uploads\\\/2024\\\/05\\\/logo-Werth-1.png\",\"width\":292,\"height\":240,\"caption\":\"Dental Practice Werth\"},\"image\":{\"@id\":\"https:\\\/\\\/dentalpracticewerth.com\\\/#\\\/schema\\\/logo\\\/image\\\/\"}}]}<\/script>\n<!-- \/ Yoast SEO plugin. -->","yoast_head_json":{"title":"Higiene bucodental - Dental Practice Werth","robots":{"index":"index","follow":"follow","max-snippet":"max-snippet:-1","max-image-preview":"max-image-preview:large","max-video-preview":"max-video-preview:-1"},"canonical":"https:\/\/dentalpracticewerth.com\/es\/oral-hygiene\/","og_locale":"es_ES","og_type":"article","og_title":"Higiene bucodental - Dental Practice Werth","og_description":"Higiene bucodental Una buena salud bucodental te ayuda a disfrutar de la vida. Te permite hablar con claridad, saborear, masticar y tragar alimentos deliciosos y [&hellip;]","og_url":"https:\/\/dentalpracticewerth.com\/es\/oral-hygiene\/","og_site_name":"Dental Practice Werth","article_modified_time":"2026-02-05T10:05:32+00:00","og_image":[{"url":"https:\/\/dentalpracticewerth.com\/wp-content\/uploads\/2024\/05\/Dental-Practice-Werth-instrumenten.jpg","type":"","width":"","height":""}],"twitter_card":"summary_large_image","twitter_misc":{"Tiempo de lectura":"2 minutos"},"schema":{"@context":"https:\/\/schema.org","@graph":[{"@type":"WebPage","@id":"https:\/\/dentalpracticewerth.com\/es\/oral-hygiene\/","url":"https:\/\/dentalpracticewerth.com\/es\/oral-hygiene\/","name":"Higiene bucodental - Dental Practice Werth","isPartOf":{"@id":"https:\/\/dentalpracticewerth.com\/#website"},"primaryImageOfPage":{"@id":"https:\/\/dentalpracticewerth.com\/es\/oral-hygiene\/#primaryimage"},"image":{"@id":"https:\/\/dentalpracticewerth.com\/es\/oral-hygiene\/#primaryimage"},"thumbnailUrl":"https:\/\/dentalpracticewerth.com\/wp-content\/uploads\/2024\/05\/Dental-Practice-Werth-instrumenten.jpg","datePublished":"2024-07-18T11:38:22+00:00","dateModified":"2026-02-05T10:05:32+00:00","breadcrumb":{"@id":"https:\/\/dentalpracticewerth.com\/es\/oral-hygiene\/#breadcrumb"},"inLanguage":"es","potentialAction":[{"@type":"ReadAction","target":["https:\/\/dentalpracticewerth.com\/es\/oral-hygiene\/"]}]},{"@type":"ImageObject","inLanguage":"es","@id":"https:\/\/dentalpracticewerth.com\/es\/oral-hygiene\/#primaryimage","url":"https:\/\/dentalpracticewerth.com\/wp-content\/uploads\/2024\/05\/Dental-Practice-Werth-instrumenten.jpg","contentUrl":"https:\/\/dentalpracticewerth.com\/wp-content\/uploads\/2024\/05\/Dental-Practice-Werth-instrumenten.jpg"},{"@type":"BreadcrumbList","@id":"https:\/\/dentalpracticewerth.com\/es\/oral-hygiene\/#breadcrumb","itemListElement":[{"@type":"ListItem","position":1,"name":"Home","item":"https:\/\/dentalpracticewerth.com\/es\/"},{"@type":"ListItem","position":2,"name":"Higiene bucodental"}]},{"@type":"WebSite","@id":"https:\/\/dentalpracticewerth.com\/#website","url":"https:\/\/dentalpracticewerth.com\/","name":"Dental Practice Werth","description":"Ervaren tandartsenpraktijk met een huiselijke sfeer","publisher":{"@id":"https:\/\/dentalpracticewerth.com\/#organization"},"potentialAction":[{"@type":"SearchAction","target":{"@type":"EntryPoint","urlTemplate":"https:\/\/dentalpracticewerth.com\/?s={search_term_string}"},"query-input":{"@type":"PropertyValueSpecification","valueRequired":true,"valueName":"search_term_string"}}],"inLanguage":"es"},{"@type":"Organization","@id":"https:\/\/dentalpracticewerth.com\/#organization","name":"Dental Practice Werth","url":"https:\/\/dentalpracticewerth.com\/","logo":{"@type":"ImageObject","inLanguage":"es","@id":"https:\/\/dentalpracticewerth.com\/#\/schema\/logo\/image\/","url":"https:\/\/dentalpracticewerth.com\/wp-content\/uploads\/2024\/05\/logo-Werth-1.png","contentUrl":"https:\/\/dentalpracticewerth.com\/wp-content\/uploads\/2024\/05\/logo-Werth-1.png","width":292,"height":240,"caption":"Dental Practice Werth"},"image":{"@id":"https:\/\/dentalpracticewerth.com\/#\/schema\/logo\/image\/"}}]}},"_links":{"self":[{"href":"https:\/\/dentalpracticewerth.com\/es\/wp-json\/wp\/v2\/pages\/6349","targetHints":{"allow":["GET"]}}],"collection":[{"href":"https:\/\/dentalpracticewerth.com\/es\/wp-json\/wp\/v2\/pages"}],"about":[{"href":"https:\/\/dentalpracticewerth.com\/es\/wp-json\/wp\/v2\/types\/page"}],"author":[{"embeddable":true,"href":"https:\/\/dentalpracticewerth.com\/es\/wp-json\/wp\/v2\/users\/3"}],"replies":[{"embeddable":true,"href":"https:\/\/dentalpracticewerth.com\/es\/wp-json\/wp\/v2\/comments?post=6349"}],"version-history":[{"count":5,"href":"https:\/\/dentalpracticewerth.com\/es\/wp-json\/wp\/v2\/pages\/6349\/revisions"}],"predecessor-version":[{"id":6640,"href":"https:\/\/dentalpracticewerth.com\/es\/wp-json\/wp\/v2\/pages\/6349\/revisions\/6640"}],"wp:attachment":[{"href":"https:\/\/dentalpracticewerth.com\/es\/wp-json\/wp\/v2\/media?parent=6349"}],"curies":[{"name":"wp","href":"https:\/\/api.w.org\/{rel}","templated":true}]}}