{"id":6340,"date":"2024-05-23T15:29:20","date_gmt":"2024-05-23T13:29:20","guid":{"rendered":"https:\/\/dentalpracticewerth.com\/fillings\/"},"modified":"2026-02-05T10:46:53","modified_gmt":"2026-02-05T09:46:53","slug":"fillings","status":"publish","type":"page","link":"https:\/\/dentalpracticewerth.com\/es\/fillings\/","title":{"rendered":"Empastes"},"content":{"rendered":"\t\t<div data-elementor-type=\"wp-page\" data-elementor-id=\"6340\" class=\"elementor elementor-6340 elementor-5714\" data-elementor-post-type=\"page\">\n\t\t\t\t<div class=\"elementor-element elementor-element-3d16e24 e-flex e-con-boxed e-con e-parent\" data-id=\"3d16e24\" data-element_type=\"container\" data-e-type=\"container\" data-settings=\"{&quot;background_background&quot;:&quot;classic&quot;}\">\n\t\t\t\t\t<div class=\"e-con-inner\">\n\t\t<div class=\"elementor-element elementor-element-bb50a42 e-con-full e-flex e-con e-child\" data-id=\"bb50a42\" data-element_type=\"container\" data-e-type=\"container\">\n\t\t\t\t<div class=\"elementor-element elementor-element-6b3a49d elementor-widget elementor-widget-heading\" data-id=\"6b3a49d\" data-element_type=\"widget\" data-e-type=\"widget\" data-widget_type=\"heading.default\">\n\t\t\t\t<div class=\"elementor-widget-container\">\n\t\t\t\t\t<h2 class=\"elementor-heading-title elementor-size-default\">\u00bfQu\u00e9 son las obturaciones dentales?<\/h2>\t\t\t\t<\/div>\n\t\t\t\t<\/div>\n\t\t\t\t<div class=\"elementor-element elementor-element-68169d7 elementor-widget__width-initial elementor-widget-tablet__width-inherit elementor-widget elementor-widget-text-editor\" data-id=\"68169d7\" data-element_type=\"widget\" data-e-type=\"widget\" data-widget_type=\"text-editor.default\">\n\t\t\t\t<div class=\"elementor-widget-container\">\n\t\t\t\t\t\t\t\t\t<p>Los empastes se encuentran entre los tratamientos dentales m\u00e1s comunes. Se utilizan para reparar la parte del diente que ha sido da\u00f1ada o perdida debido a la caries dental u otro tipo de da\u00f1o.<\/p><p>En The Cross ofrecemos una amplia variedad de empastes, incluidas opciones del color del diente que restauran el aspecto natural del diente tratado. La caries dental se produce cuando las bacterias de la boca se alimentan de restos de comida atrapados, forman una pel\u00edcula de placa y producen \u00e1cidos que da\u00f1an el esmalte que recubre los dientes.<\/p>\t\t\t\t\t\t\t\t<\/div>\n\t\t\t\t<\/div>\n\t\t\t\t<\/div>\n\t\t<div class=\"elementor-element elementor-element-85619b0 e-flex e-con-boxed e-con e-child\" data-id=\"85619b0\" data-element_type=\"container\" data-e-type=\"container\">\n\t\t\t\t\t<div class=\"e-con-inner\">\n\t\t\t\t<div class=\"elementor-element elementor-element-bb3caca elementor-widget elementor-widget-image\" data-id=\"bb3caca\" data-element_type=\"widget\" data-e-type=\"widget\" data-widget_type=\"image.default\">\n\t\t\t\t<div class=\"elementor-widget-container\">\n\t\t\t\t\t\t\t\t\t\t\t\t\t\t\t<img fetchpriority=\"high\" decoding=\"async\" width=\"1024\" height=\"683\" src=\"https:\/\/dentalpracticewerth.com\/wp-content\/uploads\/2024\/05\/vullingen-1024x683.jpeg\" class=\"attachment-large size-large wp-image-6357\" alt=\"\" srcset=\"https:\/\/dentalpracticewerth.com\/wp-content\/uploads\/2024\/05\/vullingen-1024x683.jpeg 1024w, https:\/\/dentalpracticewerth.com\/wp-content\/uploads\/2024\/05\/vullingen-300x200.jpeg 300w, https:\/\/dentalpracticewerth.com\/wp-content\/uploads\/2024\/05\/vullingen-768x513.jpeg 768w, https:\/\/dentalpracticewerth.com\/wp-content\/uploads\/2024\/05\/vullingen.jpeg 1386w\" sizes=\"(max-width: 1024px) 100vw, 1024px\" \/>\t\t\t\t\t\t\t\t\t\t\t\t\t\t\t<\/div>\n\t\t\t\t<\/div>\n\t\t\t\t\t<\/div>\n\t\t\t\t<\/div>\n\t\t\t\t\t<\/div>\n\t\t\t\t<\/div>\n\t\t<div class=\"elementor-element elementor-element-5e43f6f e-flex e-con-boxed e-con e-parent\" data-id=\"5e43f6f\" data-element_type=\"container\" data-e-type=\"container\" data-settings=\"{&quot;background_background&quot;:&quot;classic&quot;}\">\n\t\t\t\t\t<div class=\"e-con-inner\">\n\t\t\t\t<div class=\"elementor-element elementor-element-e50614a elementor-widget elementor-widget-heading\" data-id=\"e50614a\" data-element_type=\"widget\" data-e-type=\"widget\" data-widget_type=\"heading.default\">\n\t\t\t\t<div class=\"elementor-widget-container\">\n\t\t\t\t\t<h2 class=\"elementor-heading-title elementor-size-default\">Prevenci\u00f3n y tratamiento<\/h2>\t\t\t\t<\/div>\n\t\t\t\t<\/div>\n\t\t\t\t<div class=\"elementor-element elementor-element-ace7ae2 elementor-widget__width-initial elementor-widget-tablet__width-inherit elementor-widget elementor-widget-text-editor\" data-id=\"ace7ae2\" data-element_type=\"widget\" data-e-type=\"widget\" data-widget_type=\"text-editor.default\">\n\t\t\t\t<div class=\"elementor-widget-container\">\n\t\t\t\t\t\t\t\t\tLa caries dental puede provocar dolor de muelas, sensibilidad y mal aliento. Puede prevenirse mediante una buena higiene bucodental (cepillarse los dientes y usar hilo dental). Es m\u00e1s f\u00e1cil de tratar cuanto antes se detecta, por lo que se recomiendan encarecidamente las visitas regulares al dentista.\n\nCuando acuda a la cl\u00ednica, su dentista examinar\u00e1 sus dientes, evaluar\u00e1 el nivel de caries, eliminar\u00e1 la parte afectada y rellenar\u00e1 la cavidad.\n\nEl tratamiento se realizar\u00e1 bajo anestesia y, por lo general, solo se experimentan molestias leves. Su dentista le explicar\u00e1 cu\u00e1l es la mejor opci\u00f3n de empaste para su caso y le informar\u00e1 sobre las ventajas y desventajas de las distintas alternativas.\n\nPor ejemplo, los empastes de composite (del color del diente) ofrecen un excelente resultado est\u00e9tico, pero pueden ser menos duraderos que los empastes de amalgama (de color plateado), que, aunque modifican el aspecto del diente, proporcionan un alto nivel de resistencia y durabilidad.\t\t\t\t\t\t\t\t<\/div>\n\t\t\t\t<\/div>\n\t\t\t\t\t<\/div>\n\t\t\t\t<\/div>\n\t\t\t\t<\/div>\n\t\t","protected":false},"excerpt":{"rendered":"<p>\u00bfQu\u00e9 son las obturaciones dentales? Los empastes se encuentran entre los tratamientos dentales m\u00e1s comunes. Se utilizan para reparar la parte del diente que ha [&hellip;]<\/p>\n","protected":false},"author":3,"featured_media":0,"parent":0,"menu_order":0,"comment_status":"closed","ping_status":"closed","template":"","meta":{"site-sidebar-layout":"no-sidebar","site-content-layout":"page-builder","ast-site-content-layout":"full-width-container","site-content-style":"default","site-sidebar-style":"default","ast-global-header-display":"","ast-banner-title-visibility":"","ast-main-header-display":"","ast-hfb-above-header-display":"","ast-hfb-below-header-display":"","ast-hfb-mobile-header-display":"","site-post-title":"disabled","ast-breadcrumbs-content":"","ast-featured-img":"disabled","footer-sml-layout":"","ast-disable-related-posts":"","theme-transparent-header-meta":"default","adv-header-id-meta":"","stick-header-meta":"default","header-above-stick-meta":"","header-main-stick-meta":"","header-below-stick-meta":"","astra-migrate-meta-layouts":"set","ast-page-background-enabled":"default","ast-page-background-meta":{"desktop":{"background-color":"var(--ast-global-color-4)","background-image":"","background-repeat":"repeat","background-position":"center center","background-size":"auto","background-attachment":"scroll","background-type":"","background-media":"","overlay-type":"","overlay-color":"","overlay-opacity":"","overlay-gradient":""},"tablet":{"background-color":"","background-image":"","background-repeat":"repeat","background-position":"center center","background-size":"auto","background-attachment":"scroll","background-type":"","background-media":"","overlay-type":"","overlay-color":"","overlay-opacity":"","overlay-gradient":""},"mobile":{"background-color":"","background-image":"","background-repeat":"repeat","background-position":"center center","background-size":"auto","background-attachment":"scroll","background-type":"","background-media":"","overlay-type":"","overlay-color":"","overlay-opacity":"","overlay-gradient":""}},"ast-content-background-meta":{"desktop":{"background-color":"var(--ast-global-color-5)","background-image":"","background-repeat":"repeat","background-position":"center center","background-size":"auto","background-attachment":"scroll","background-type":"","background-media":"","overlay-type":"","overlay-color":"","overlay-opacity":"","overlay-gradient":""},"tablet":{"background-color":"var(--ast-global-color-5)","background-image":"","background-repeat":"repeat","background-position":"center center","background-size":"auto","background-attachment":"scroll","background-type":"","background-media":"","overlay-type":"","overlay-color":"","overlay-opacity":"","overlay-gradient":""},"mobile":{"background-color":"var(--ast-global-color-5)","background-image":"","background-repeat":"repeat","background-position":"center center","background-size":"auto","background-attachment":"scroll","background-type":"","background-media":"","overlay-type":"","overlay-color":"","overlay-opacity":"","overlay-gradient":""}},"footnotes":""},"class_list":["post-6340","page","type-page","status-publish","hentry"],"yoast_head":"<!-- This site is optimized with the Yoast SEO plugin v27.4 - https:\/\/yoast.com\/product\/yoast-seo-wordpress\/ -->\n<title>Empastes - Dental Practice Werth<\/title>\n<meta name=\"robots\" content=\"index, follow, max-snippet:-1, max-image-preview:large, max-video-preview:-1\" \/>\n<link rel=\"canonical\" href=\"https:\/\/dentalpracticewerth.com\/es\/fillings\/\" \/>\n<meta property=\"og:locale\" content=\"es_ES\" \/>\n<meta property=\"og:type\" content=\"article\" \/>\n<meta property=\"og:title\" content=\"Empastes - Dental Practice Werth\" \/>\n<meta property=\"og:description\" content=\"\u00bfQu\u00e9 son las obturaciones dentales? Los empastes se encuentran entre los tratamientos dentales m\u00e1s comunes. Se utilizan para reparar la parte del diente que ha [&hellip;]\" \/>\n<meta property=\"og:url\" content=\"https:\/\/dentalpracticewerth.com\/es\/fillings\/\" \/>\n<meta property=\"og:site_name\" content=\"Dental Practice Werth\" \/>\n<meta property=\"article:modified_time\" content=\"2026-02-05T09:46:53+00:00\" \/>\n<meta property=\"og:image\" content=\"https:\/\/dentalpracticewerth.com\/wp-content\/uploads\/2024\/05\/vullingen-1024x683.jpeg\" \/>\n<meta name=\"twitter:card\" content=\"summary_large_image\" \/>\n<meta name=\"twitter:label1\" content=\"Tiempo de lectura\" \/>\n\t<meta name=\"twitter:data1\" content=\"2 minutos\" \/>\n<script type=\"application\/ld+json\" class=\"yoast-schema-graph\">{\"@context\":\"https:\\\/\\\/schema.org\",\"@graph\":[{\"@type\":\"WebPage\",\"@id\":\"https:\\\/\\\/dentalpracticewerth.com\\\/es\\\/fillings\\\/\",\"url\":\"https:\\\/\\\/dentalpracticewerth.com\\\/es\\\/fillings\\\/\",\"name\":\"Empastes - Dental Practice Werth\",\"isPartOf\":{\"@id\":\"https:\\\/\\\/dentalpracticewerth.com\\\/#website\"},\"primaryImageOfPage\":{\"@id\":\"https:\\\/\\\/dentalpracticewerth.com\\\/es\\\/fillings\\\/#primaryimage\"},\"image\":{\"@id\":\"https:\\\/\\\/dentalpracticewerth.com\\\/es\\\/fillings\\\/#primaryimage\"},\"thumbnailUrl\":\"https:\\\/\\\/dentalpracticewerth.com\\\/wp-content\\\/uploads\\\/2024\\\/05\\\/vullingen-1024x683.jpeg\",\"datePublished\":\"2024-05-23T13:29:20+00:00\",\"dateModified\":\"2026-02-05T09:46:53+00:00\",\"breadcrumb\":{\"@id\":\"https:\\\/\\\/dentalpracticewerth.com\\\/es\\\/fillings\\\/#breadcrumb\"},\"inLanguage\":\"es\",\"potentialAction\":[{\"@type\":\"ReadAction\",\"target\":[\"https:\\\/\\\/dentalpracticewerth.com\\\/es\\\/fillings\\\/\"]}]},{\"@type\":\"ImageObject\",\"inLanguage\":\"es\",\"@id\":\"https:\\\/\\\/dentalpracticewerth.com\\\/es\\\/fillings\\\/#primaryimage\",\"url\":\"https:\\\/\\\/dentalpracticewerth.com\\\/wp-content\\\/uploads\\\/2024\\\/05\\\/vullingen-1024x683.jpeg\",\"contentUrl\":\"https:\\\/\\\/dentalpracticewerth.com\\\/wp-content\\\/uploads\\\/2024\\\/05\\\/vullingen-1024x683.jpeg\"},{\"@type\":\"BreadcrumbList\",\"@id\":\"https:\\\/\\\/dentalpracticewerth.com\\\/es\\\/fillings\\\/#breadcrumb\",\"itemListElement\":[{\"@type\":\"ListItem\",\"position\":1,\"name\":\"Home\",\"item\":\"https:\\\/\\\/dentalpracticewerth.com\\\/es\\\/\"},{\"@type\":\"ListItem\",\"position\":2,\"name\":\"Empastes\"}]},{\"@type\":\"WebSite\",\"@id\":\"https:\\\/\\\/dentalpracticewerth.com\\\/#website\",\"url\":\"https:\\\/\\\/dentalpracticewerth.com\\\/\",\"name\":\"Dental Practice Werth\",\"description\":\"Ervaren tandartsenpraktijk met een huiselijke sfeer\",\"publisher\":{\"@id\":\"https:\\\/\\\/dentalpracticewerth.com\\\/#organization\"},\"potentialAction\":[{\"@type\":\"SearchAction\",\"target\":{\"@type\":\"EntryPoint\",\"urlTemplate\":\"https:\\\/\\\/dentalpracticewerth.com\\\/?s={search_term_string}\"},\"query-input\":{\"@type\":\"PropertyValueSpecification\",\"valueRequired\":true,\"valueName\":\"search_term_string\"}}],\"inLanguage\":\"es\"},{\"@type\":\"Organization\",\"@id\":\"https:\\\/\\\/dentalpracticewerth.com\\\/#organization\",\"name\":\"Dental Practice Werth\",\"url\":\"https:\\\/\\\/dentalpracticewerth.com\\\/\",\"logo\":{\"@type\":\"ImageObject\",\"inLanguage\":\"es\",\"@id\":\"https:\\\/\\\/dentalpracticewerth.com\\\/#\\\/schema\\\/logo\\\/image\\\/\",\"url\":\"https:\\\/\\\/dentalpracticewerth.com\\\/wp-content\\\/uploads\\\/2024\\\/05\\\/logo-Werth-1.png\",\"contentUrl\":\"https:\\\/\\\/dentalpracticewerth.com\\\/wp-content\\\/uploads\\\/2024\\\/05\\\/logo-Werth-1.png\",\"width\":292,\"height\":240,\"caption\":\"Dental Practice Werth\"},\"image\":{\"@id\":\"https:\\\/\\\/dentalpracticewerth.com\\\/#\\\/schema\\\/logo\\\/image\\\/\"}}]}<\/script>\n<!-- \/ Yoast SEO plugin. -->","yoast_head_json":{"title":"Empastes - Dental Practice Werth","robots":{"index":"index","follow":"follow","max-snippet":"max-snippet:-1","max-image-preview":"max-image-preview:large","max-video-preview":"max-video-preview:-1"},"canonical":"https:\/\/dentalpracticewerth.com\/es\/fillings\/","og_locale":"es_ES","og_type":"article","og_title":"Empastes - Dental Practice Werth","og_description":"\u00bfQu\u00e9 son las obturaciones dentales? Los empastes se encuentran entre los tratamientos dentales m\u00e1s comunes. Se utilizan para reparar la parte del diente que ha [&hellip;]","og_url":"https:\/\/dentalpracticewerth.com\/es\/fillings\/","og_site_name":"Dental Practice Werth","article_modified_time":"2026-02-05T09:46:53+00:00","og_image":[{"url":"https:\/\/dentalpracticewerth.com\/wp-content\/uploads\/2024\/05\/vullingen-1024x683.jpeg","type":"","width":"","height":""}],"twitter_card":"summary_large_image","twitter_misc":{"Tiempo de lectura":"2 minutos"},"schema":{"@context":"https:\/\/schema.org","@graph":[{"@type":"WebPage","@id":"https:\/\/dentalpracticewerth.com\/es\/fillings\/","url":"https:\/\/dentalpracticewerth.com\/es\/fillings\/","name":"Empastes - Dental Practice Werth","isPartOf":{"@id":"https:\/\/dentalpracticewerth.com\/#website"},"primaryImageOfPage":{"@id":"https:\/\/dentalpracticewerth.com\/es\/fillings\/#primaryimage"},"image":{"@id":"https:\/\/dentalpracticewerth.com\/es\/fillings\/#primaryimage"},"thumbnailUrl":"https:\/\/dentalpracticewerth.com\/wp-content\/uploads\/2024\/05\/vullingen-1024x683.jpeg","datePublished":"2024-05-23T13:29:20+00:00","dateModified":"2026-02-05T09:46:53+00:00","breadcrumb":{"@id":"https:\/\/dentalpracticewerth.com\/es\/fillings\/#breadcrumb"},"inLanguage":"es","potentialAction":[{"@type":"ReadAction","target":["https:\/\/dentalpracticewerth.com\/es\/fillings\/"]}]},{"@type":"ImageObject","inLanguage":"es","@id":"https:\/\/dentalpracticewerth.com\/es\/fillings\/#primaryimage","url":"https:\/\/dentalpracticewerth.com\/wp-content\/uploads\/2024\/05\/vullingen-1024x683.jpeg","contentUrl":"https:\/\/dentalpracticewerth.com\/wp-content\/uploads\/2024\/05\/vullingen-1024x683.jpeg"},{"@type":"BreadcrumbList","@id":"https:\/\/dentalpracticewerth.com\/es\/fillings\/#breadcrumb","itemListElement":[{"@type":"ListItem","position":1,"name":"Home","item":"https:\/\/dentalpracticewerth.com\/es\/"},{"@type":"ListItem","position":2,"name":"Empastes"}]},{"@type":"WebSite","@id":"https:\/\/dentalpracticewerth.com\/#website","url":"https:\/\/dentalpracticewerth.com\/","name":"Dental Practice Werth","description":"Ervaren tandartsenpraktijk met een huiselijke sfeer","publisher":{"@id":"https:\/\/dentalpracticewerth.com\/#organization"},"potentialAction":[{"@type":"SearchAction","target":{"@type":"EntryPoint","urlTemplate":"https:\/\/dentalpracticewerth.com\/?s={search_term_string}"},"query-input":{"@type":"PropertyValueSpecification","valueRequired":true,"valueName":"search_term_string"}}],"inLanguage":"es"},{"@type":"Organization","@id":"https:\/\/dentalpracticewerth.com\/#organization","name":"Dental Practice Werth","url":"https:\/\/dentalpracticewerth.com\/","logo":{"@type":"ImageObject","inLanguage":"es","@id":"https:\/\/dentalpracticewerth.com\/#\/schema\/logo\/image\/","url":"https:\/\/dentalpracticewerth.com\/wp-content\/uploads\/2024\/05\/logo-Werth-1.png","contentUrl":"https:\/\/dentalpracticewerth.com\/wp-content\/uploads\/2024\/05\/logo-Werth-1.png","width":292,"height":240,"caption":"Dental Practice Werth"},"image":{"@id":"https:\/\/dentalpracticewerth.com\/#\/schema\/logo\/image\/"}}]}},"_links":{"self":[{"href":"https:\/\/dentalpracticewerth.com\/es\/wp-json\/wp\/v2\/pages\/6340","targetHints":{"allow":["GET"]}}],"collection":[{"href":"https:\/\/dentalpracticewerth.com\/es\/wp-json\/wp\/v2\/pages"}],"about":[{"href":"https:\/\/dentalpracticewerth.com\/es\/wp-json\/wp\/v2\/types\/page"}],"author":[{"embeddable":true,"href":"https:\/\/dentalpracticewerth.com\/es\/wp-json\/wp\/v2\/users\/3"}],"replies":[{"embeddable":true,"href":"https:\/\/dentalpracticewerth.com\/es\/wp-json\/wp\/v2\/comments?post=6340"}],"version-history":[{"count":5,"href":"https:\/\/dentalpracticewerth.com\/es\/wp-json\/wp\/v2\/pages\/6340\/revisions"}],"predecessor-version":[{"id":6629,"href":"https:\/\/dentalpracticewerth.com\/es\/wp-json\/wp\/v2\/pages\/6340\/revisions\/6629"}],"wp:attachment":[{"href":"https:\/\/dentalpracticewerth.com\/es\/wp-json\/wp\/v2\/media?parent=6340"}],"curies":[{"name":"wp","href":"https:\/\/api.w.org\/{rel}","templated":true}]}}